{"id":14177,"date":"2026-04-10T18:43:55","date_gmt":"2026-04-10T18:43:55","guid":{"rendered":""},"modified":"2026-04-10T18:43:55","modified_gmt":"2026-04-10T18:43:55","slug":"bico-hellblazer-satiin-hobedane-viimistletud-ripats-e146","status":"publish","type":"product","link":"https:\/\/bico.ee\/lt\/p\/bico-hellblazer-pakabukas-su-sidabro-spalvos-apdaila-e146\/","title":{"rendered":"Bico &#8220;Hellblazer&#8221; pakabukas su sidabro spalvos apdaila (E146)"},"content":{"rendered":"<p>Tai dalis nesenstan\u010dio Bico pakabuk\u0173 asortimento. <BR><UL><LI>Pavadinimas: \u201eHellblazer\u201c <\/LI><LI>Reik\u0161m\u0117: \u201eRisk Taker Life On The Edge Bico\u201c si\u016blo daugyb\u0119 matini\u0173 gatav\u0173 grandini\u0173, odini\u0173 virveli\u0173 ir pakabuk\u0173, kurie papildys \u0161\u012f pakabuk\u0105 Rankomis poliruoto sidabro spalvos alavo pakabuk\u0105 su unikalia apsaugine danga. Pakabuko plotis: 1,8 cm, ilgis: 3,9 cm, kilpos skersmuo: 6,5 mm<\/p>","protected":false},"excerpt":{"rendered":"<p>E146 825873001042<\/p>\n","protected":false},"featured_media":8577,"template":"","meta":[],"product_cat":[277,300],"product_tag":[],"_links":{"self":[{"href":"https:\/\/bico.ee\/lt\/wp-json\/wp\/v2\/product\/14177"}],"collection":[{"href":"https:\/\/bico.ee\/lt\/wp-json\/wp\/v2\/product"}],"about":[{"href":"https:\/\/bico.ee\/lt\/wp-json\/wp\/v2\/types\/product"}],"wp:featuredmedia":[{"embeddable":true,"href":"https:\/\/bico.ee\/lt\/wp-json\/wp\/v2\/media\/8577"}],"wp:attachment":[{"href":"https:\/\/bico.ee\/lt\/wp-json\/wp\/v2\/media?parent=14177"}],"wp:term":[{"taxonomy":"product_cat","embeddable":true,"href":"https:\/\/bico.ee\/lt\/wp-json\/wp\/v2\/product_cat?post=14177"},{"taxonomy":"product_tag","embeddable":true,"href":"https:\/\/bico.ee\/lt\/wp-json\/wp\/v2\/product_tag?post=14177"}],"curies":[{"name":"wp","href":"https:\/\/api.w.org\/{rel}","templated":true}]}}