{"id":14206,"date":"2026-04-10T18:43:56","date_gmt":"2026-04-10T18:43:56","guid":{"rendered":""},"modified":"2026-04-10T18:43:56","modified_gmt":"2026-04-10T18:43:56","slug":"bico-sulemani-satiin-hobedane-viimistletud-ripats-e246","status":"publish","type":"product","link":"https:\/\/bico.ee\/lt\/p\/bico-sulemani-pakabukas-su-sidabro-spalvos-apdaila-e246\/","title":{"rendered":"Bico &#8220;Sulemani&#8221; pakabukas su sidabro spalvos apdaila (E246)"},"content":{"rendered":"<p>Tai dalis nesenstan\u010dio Bico pakabuk\u0173 asortimento. <BR><UL><LI>Pavadinimas: Sulemani <\/LI><LI>Reik\u0161m\u0117: B\u016bti kukliam ir kukliam <\/LI><LI>\u201eBico\u201c si\u016blo daugyb\u0119 matini\u0173 gatav\u0173 grandini\u0173, odini\u0173 virveli\u0173 ir pakabu\u010di\u0173, kurie papildys \u0161\u012f pakabuk\u0105 Rankomis poliruoto sidabro spalvos alavo pakabuk\u0105 su unikalia apsaugine danga. Pakabuko plotis: 2,1 cm, ilgis: 3,7 cm, kilpos skersmuo: 6,5 mm<\/p>","protected":false},"excerpt":{"rendered":"<p>E246 825873046203<\/p>\n","protected":false},"featured_media":8666,"template":"","meta":[],"product_cat":[277,300],"product_tag":[],"_links":{"self":[{"href":"https:\/\/bico.ee\/lt\/wp-json\/wp\/v2\/product\/14206"}],"collection":[{"href":"https:\/\/bico.ee\/lt\/wp-json\/wp\/v2\/product"}],"about":[{"href":"https:\/\/bico.ee\/lt\/wp-json\/wp\/v2\/types\/product"}],"wp:featuredmedia":[{"embeddable":true,"href":"https:\/\/bico.ee\/lt\/wp-json\/wp\/v2\/media\/8666"}],"wp:attachment":[{"href":"https:\/\/bico.ee\/lt\/wp-json\/wp\/v2\/media?parent=14206"}],"wp:term":[{"taxonomy":"product_cat","embeddable":true,"href":"https:\/\/bico.ee\/lt\/wp-json\/wp\/v2\/product_cat?post=14206"},{"taxonomy":"product_tag","embeddable":true,"href":"https:\/\/bico.ee\/lt\/wp-json\/wp\/v2\/product_tag?post=14206"}],"curies":[{"name":"wp","href":"https:\/\/api.w.org\/{rel}","templated":true}]}}