{"id":14222,"date":"2026-04-10T18:43:56","date_gmt":"2026-04-10T18:43:56","guid":{"rendered":""},"modified":"2026-04-10T18:43:56","modified_gmt":"2026-04-10T18:43:56","slug":"bico-ubernova-hobedase-viimistlusega-tahtripats-e265","status":"publish","type":"product","link":"https:\/\/bico.ee\/lt\/p\/bico-ubernova-pakabukas-su-sidabro-spalvos-apdaila-zvaigzdute-e265\/","title":{"rendered":"Bico &#8220;Ubernova&#8221; pakabukas su sidabro spalvos apdaila \u017evaig\u017edute (E265)"},"content":{"rendered":"<p>Tai dalis nesenstan\u010dio Bico pakabuk\u0173 asortimento. <BR><UL><LI>Pavadinimas: \u201eUbernova\u201c <\/LI><LI>Reik\u0161m\u0117: Kai esate tiesiog per geras, \u201eSuper Confidence Bico\u201c si\u016blo daugyb\u0119 matini\u0173 grandini\u0173, odini\u0173 virveli\u0173 ir pakabuk\u0173, kurie papildys \u0161\u012f pakabuk\u0105 Galimi apdailos variantai: sidabrin\u0117 arba juoda. Pakabuko plotis: 3,5 cm Ilgis: 3,8 cm Kilpos skersmuo: 6,5 mm<\/p>","protected":false},"excerpt":{"rendered":"<p>E265 825873046968<\/p>\n","protected":false},"featured_media":8714,"template":"","meta":[],"product_cat":[277,300],"product_tag":[],"_links":{"self":[{"href":"https:\/\/bico.ee\/lt\/wp-json\/wp\/v2\/product\/14222"}],"collection":[{"href":"https:\/\/bico.ee\/lt\/wp-json\/wp\/v2\/product"}],"about":[{"href":"https:\/\/bico.ee\/lt\/wp-json\/wp\/v2\/types\/product"}],"wp:featuredmedia":[{"embeddable":true,"href":"https:\/\/bico.ee\/lt\/wp-json\/wp\/v2\/media\/8714"}],"wp:attachment":[{"href":"https:\/\/bico.ee\/lt\/wp-json\/wp\/v2\/media?parent=14222"}],"wp:term":[{"taxonomy":"product_cat","embeddable":true,"href":"https:\/\/bico.ee\/lt\/wp-json\/wp\/v2\/product_cat?post=14222"},{"taxonomy":"product_tag","embeddable":true,"href":"https:\/\/bico.ee\/lt\/wp-json\/wp\/v2\/product_tag?post=14222"}],"curies":[{"name":"wp","href":"https:\/\/api.w.org\/{rel}","templated":true}]}}