{"id":14238,"date":"2026-04-10T18:43:56","date_gmt":"2026-04-10T18:43:56","guid":{"rendered":""},"modified":"2026-04-10T18:43:56","modified_gmt":"2026-04-10T18:43:56","slug":"bico-corduroy-satiin-hobedane-viimistletud-lumelaua-ripats-e295","status":"publish","type":"product","link":"https:\/\/bico.ee\/lt\/p\/bico-velvetas-sidabro-spalvos-baigtas-sniego-lentos-pakabukas-e295\/","title":{"rendered":"Bico &#8220;Velvetas&#8221;, sidabro spalvos, baigtas sniego lentos pakabukas (E295)"},"content":{"rendered":"<p>Tai dalis nesenstan\u010dio Bico pakabuk\u0173 asortimento. <BR><UL><LI>Pavadinimas: velvetas <\/LI><LI>Reik\u0161m\u0117: Steb\u0117kite, mokykit\u0117s ir pritaikykite <\/LI><LI>\u201eBico\u201c si\u016blo daugyb\u0119 matini\u0173 grandini\u0173, odini\u0173 virveli\u0173 ir pakabu\u010di\u0173, kurie papildys \u0161\u012f pakabuk\u0105 Rankomis poliruoto sidabro spalvos alavo pakabuk\u0105 su unikalia apsaugine danga. Pakabuko plotis: 1 cm, ilgis: 4,4 cm, kilpos skersmuo: 6,5 mm<\/p>","protected":false},"excerpt":{"rendered":"<p>E295 825873057131<\/p>\n","protected":false},"featured_media":8761,"template":"","meta":[],"product_cat":[277,300],"product_tag":[],"_links":{"self":[{"href":"https:\/\/bico.ee\/lt\/wp-json\/wp\/v2\/product\/14238"}],"collection":[{"href":"https:\/\/bico.ee\/lt\/wp-json\/wp\/v2\/product"}],"about":[{"href":"https:\/\/bico.ee\/lt\/wp-json\/wp\/v2\/types\/product"}],"wp:featuredmedia":[{"embeddable":true,"href":"https:\/\/bico.ee\/lt\/wp-json\/wp\/v2\/media\/8761"}],"wp:attachment":[{"href":"https:\/\/bico.ee\/lt\/wp-json\/wp\/v2\/media?parent=14238"}],"wp:term":[{"taxonomy":"product_cat","embeddable":true,"href":"https:\/\/bico.ee\/lt\/wp-json\/wp\/v2\/product_cat?post=14238"},{"taxonomy":"product_tag","embeddable":true,"href":"https:\/\/bico.ee\/lt\/wp-json\/wp\/v2\/product_tag?post=14238"}],"curies":[{"name":"wp","href":"https:\/\/api.w.org\/{rel}","templated":true}]}}