{"id":14243,"date":"2026-04-10T18:43:56","date_gmt":"2026-04-10T18:43:56","guid":{"rendered":""},"modified":"2026-04-10T18:43:56","modified_gmt":"2026-04-10T18:43:56","slug":"bico-threewaves-satiin-hobedane-viimistletud-ripats-e300","status":"publish","type":"product","link":"https:\/\/bico.ee\/lt\/p\/bico-threewaves-pakabukas-su-sidabro-spalvos-apdaila-e300\/","title":{"rendered":"Bico &#8220;Threewaves&#8221; pakabukas su sidabro spalvos apdaila (E300)"},"content":{"rendered":"<p>Tai dalis nesenstan\u010dio Bico pakabuk\u0173 asortimento. <BR><UL><LI>Pavadinimas: Trys bangos <\/LI><LI>Reik\u0161m\u0117: vaizduoja v\u0117j\u0105, vanden\u012f ir gars\u0105 <\/LI><LI>\u201eBico\u201c si\u016blo daugyb\u0119 matini\u0173 grandini\u0173, odini\u0173 virveli\u0173 ir pakabu\u010di\u0173, kurie papildys \u0161\u012f pakabuk\u0105 Rankomis poliruoto sidabro spalvos alavo pakabukas su unikalia apsaugine danga. Pakabuko plotis: 3,2 cm, ilgis: 3,2 cm, kilpos skersmuo: 6,5 mm<\/p>","protected":false},"excerpt":{"rendered":"<p>E300 825873067758<\/p>\n","protected":false},"featured_media":8778,"template":"","meta":[],"product_cat":[277,300],"product_tag":[],"_links":{"self":[{"href":"https:\/\/bico.ee\/lt\/wp-json\/wp\/v2\/product\/14243"}],"collection":[{"href":"https:\/\/bico.ee\/lt\/wp-json\/wp\/v2\/product"}],"about":[{"href":"https:\/\/bico.ee\/lt\/wp-json\/wp\/v2\/types\/product"}],"wp:featuredmedia":[{"embeddable":true,"href":"https:\/\/bico.ee\/lt\/wp-json\/wp\/v2\/media\/8778"}],"wp:attachment":[{"href":"https:\/\/bico.ee\/lt\/wp-json\/wp\/v2\/media?parent=14243"}],"wp:term":[{"taxonomy":"product_cat","embeddable":true,"href":"https:\/\/bico.ee\/lt\/wp-json\/wp\/v2\/product_cat?post=14243"},{"taxonomy":"product_tag","embeddable":true,"href":"https:\/\/bico.ee\/lt\/wp-json\/wp\/v2\/product_tag?post=14243"}],"curies":[{"name":"wp","href":"https:\/\/api.w.org\/{rel}","templated":true}]}}