{"id":14249,"date":"2026-04-10T18:43:56","date_gmt":"2026-04-10T18:43:56","guid":{"rendered":""},"modified":"2026-04-10T18:43:56","modified_gmt":"2026-04-10T18:43:56","slug":"bico-mary-guadalupe-hobedane-viimistletud-ripats-e306","status":"publish","type":"product","link":"https:\/\/bico.ee\/lt\/p\/bico-mary-guadalupe-pakabukas-su-sidabro-spalvos-apdaila-e306\/","title":{"rendered":"Bico &#8220;Mary (Guadalupe)&#8221; pakabukas su sidabro spalvos apdaila (E306)"},"content":{"rendered":"<p>Tai dalis nesenstan\u010dio Bico pakabuk\u0173 asortimento. <BR><UL><LI>Pavadinimas: Marija (Gvadalup\u0117) <\/LI><LI>Reik\u0161m\u0117: Pureness, Spirit Of Mary Bico si\u016blo daugyb\u0119 matini\u0173 grandini\u0173, odini\u0173 virveli\u0173 ir pakabuk\u0173, kurie papildys \u0161\u012f pakabuk\u0105 Rankomis poliruoto sidabro spalvos alavo pakabukas su unikalia apsaugine danga. Pakabuko plotis: 3,5 cm Ilgis: 3,5 cm Kilpos skersmuo: 7 mm<\/p>","protected":false},"excerpt":{"rendered":"<p>E306 825873067819<\/p>\n","protected":false},"featured_media":8796,"template":"","meta":[],"product_cat":[277,300],"product_tag":[],"_links":{"self":[{"href":"https:\/\/bico.ee\/lt\/wp-json\/wp\/v2\/product\/14249"}],"collection":[{"href":"https:\/\/bico.ee\/lt\/wp-json\/wp\/v2\/product"}],"about":[{"href":"https:\/\/bico.ee\/lt\/wp-json\/wp\/v2\/types\/product"}],"wp:featuredmedia":[{"embeddable":true,"href":"https:\/\/bico.ee\/lt\/wp-json\/wp\/v2\/media\/8796"}],"wp:attachment":[{"href":"https:\/\/bico.ee\/lt\/wp-json\/wp\/v2\/media?parent=14249"}],"wp:term":[{"taxonomy":"product_cat","embeddable":true,"href":"https:\/\/bico.ee\/lt\/wp-json\/wp\/v2\/product_cat?post=14249"},{"taxonomy":"product_tag","embeddable":true,"href":"https:\/\/bico.ee\/lt\/wp-json\/wp\/v2\/product_tag?post=14249"}],"curies":[{"name":"wp","href":"https:\/\/api.w.org\/{rel}","templated":true}]}}