{"id":14251,"date":"2026-04-10T18:43:56","date_gmt":"2026-04-10T18:43:56","guid":{"rendered":""},"modified":"2026-04-10T18:43:56","modified_gmt":"2026-04-10T18:43:56","slug":"bico-nuwa-satiinist-hobedane-viimistletud-draakoni-ripats-e308","status":"publish","type":"product","link":"https:\/\/bico.ee\/lt\/p\/bico-nuwa-satino-sidabro-spalvos-drakono-pakabukas-e308\/","title":{"rendered":"Bico &#8220;Nuwa&#8221; satino sidabro spalvos drakono pakabukas (E308)"},"content":{"rendered":"<p>Tai dalis nesenstan\u010dio Bico pakabuk\u0173 asortimento. <BR><UL><LI>Pavadinimas: Nuwa <\/LI><LI>Reik\u0161m\u0117: Vyri\u0161kumas ir i\u0161gyvenimas <\/LI><LI>\u201eBico\u201c si\u016blo daugyb\u0119 matini\u0173 grandini\u0173, odini\u0173 virveli\u0173 ir pakabuk\u0173, kurie papildys \u0161\u012f pakabuk\u0105 Rankomis poliruoto sidabro spalvos alavo pakabuk\u0105 su unikalia apsaugine danga. Pakabuko plotis: 2,6 cm, ilgis: 4,1 cm, kilpos skersmuo: 6 mm<\/p>","protected":false},"excerpt":{"rendered":"<p>E308 825873067833<\/p>\n","protected":false},"featured_media":8803,"template":"","meta":[],"product_cat":[277,300],"product_tag":[],"_links":{"self":[{"href":"https:\/\/bico.ee\/lt\/wp-json\/wp\/v2\/product\/14251"}],"collection":[{"href":"https:\/\/bico.ee\/lt\/wp-json\/wp\/v2\/product"}],"about":[{"href":"https:\/\/bico.ee\/lt\/wp-json\/wp\/v2\/types\/product"}],"wp:featuredmedia":[{"embeddable":true,"href":"https:\/\/bico.ee\/lt\/wp-json\/wp\/v2\/media\/8803"}],"wp:attachment":[{"href":"https:\/\/bico.ee\/lt\/wp-json\/wp\/v2\/media?parent=14251"}],"wp:term":[{"taxonomy":"product_cat","embeddable":true,"href":"https:\/\/bico.ee\/lt\/wp-json\/wp\/v2\/product_cat?post=14251"},{"taxonomy":"product_tag","embeddable":true,"href":"https:\/\/bico.ee\/lt\/wp-json\/wp\/v2\/product_tag?post=14251"}],"curies":[{"name":"wp","href":"https:\/\/api.w.org\/{rel}","templated":true}]}}