{"id":14279,"date":"2026-04-10T18:43:56","date_gmt":"2026-04-10T18:43:56","guid":{"rendered":""},"modified":"2026-04-10T18:43:56","modified_gmt":"2026-04-10T18:43:56","slug":"bico-sun-shield-vaike-satiin-hobedane-viimistletud-ripats-e200","status":"publish","type":"product","link":"https:\/\/bico.ee\/lt\/p\/bico-sun-shield-mazas-pakabukas-su-sidabro-spalvos-apdaila-e200\/","title":{"rendered":"Bico &#8220;Sun Shield&#8221; ma\u017eas pakabukas su sidabro spalvos apdaila (E200)"},"content":{"rendered":"<p>Tai dalis nesenstan\u010dio Bico pakabuk\u0173 asortimento. <BR><UL><LI>Pavadinimas: skydas nuo saul\u0117s <\/LI><LI>Reik\u0161m\u0117: klest\u0117jimas, dievi\u0161ka apsauga <\/LI><LI>\u201eBico\u201c si\u016blo daugyb\u0119 matini\u0173 grandin\u0117li\u0173, odini\u0173 virveli\u0173 ir pakabu\u010di\u0173, kurie papildys \u0161\u012f pakabuk\u0105 Rankomis poliruoto sidabro spalvos alavo pakabuk\u0105 su unikalia apsaugine danga. Pakabuko plotis: 1,9 cm, ilgis: 1,9 cm, kilpos skersmuo: 4,5 mm<\/p>","protected":false},"excerpt":{"rendered":"<p>E200 825873000854<\/p>\n","protected":false},"featured_media":8890,"template":"","meta":[],"product_cat":[277,300],"product_tag":[],"_links":{"self":[{"href":"https:\/\/bico.ee\/lt\/wp-json\/wp\/v2\/product\/14279"}],"collection":[{"href":"https:\/\/bico.ee\/lt\/wp-json\/wp\/v2\/product"}],"about":[{"href":"https:\/\/bico.ee\/lt\/wp-json\/wp\/v2\/types\/product"}],"wp:featuredmedia":[{"embeddable":true,"href":"https:\/\/bico.ee\/lt\/wp-json\/wp\/v2\/media\/8890"}],"wp:attachment":[{"href":"https:\/\/bico.ee\/lt\/wp-json\/wp\/v2\/media?parent=14279"}],"wp:term":[{"taxonomy":"product_cat","embeddable":true,"href":"https:\/\/bico.ee\/lt\/wp-json\/wp\/v2\/product_cat?post=14279"},{"taxonomy":"product_tag","embeddable":true,"href":"https:\/\/bico.ee\/lt\/wp-json\/wp\/v2\/product_tag?post=14279"}],"curies":[{"name":"wp","href":"https:\/\/api.w.org\/{rel}","templated":true}]}}