{"id":14280,"date":"2026-04-10T18:43:56","date_gmt":"2026-04-10T18:43:56","guid":{"rendered":""},"modified":"2026-04-10T18:43:56","modified_gmt":"2026-04-10T18:43:56","slug":"bico-magic-knot-vaike-satiin-hobedane-viimistletud-ristripats-e201","status":"publish","type":"product","link":"https:\/\/bico.ee\/lt\/p\/bico-magic-knot-mazas-atlasinis-sidabro-spalvos-kryzminis-pakabukas-e201\/","title":{"rendered":"Bico &#8220;Magic Knot&#8221; ma\u017eas atlasinis sidabro spalvos kry\u017eminis pakabukas (E201)"},"content":{"rendered":"<p>Tai dalis nesenstan\u010dio Bico pakabuk\u0173 asortimento. <BR><UL><LI>Pavadinimas: stebuklingas mazgas <\/LI><LI>Reik\u0161m\u0117: meil\u0117s \u017eavesys, apsauga nuo blogio <\/LI><LI>\u201eBico\u201c si\u016blo daugyb\u0119 matini\u0173 grandini\u0173, odini\u0173 virveli\u0173 ir pakabu\u010di\u0173, kurie papildys \u0161\u012f pakabuk\u0105 Rankomis poliruoto sidabro spalvos alavo pakabukas su unikalia apsaugine danga. Pakabuko plotis: 2,3 cm, ilgis: 2,3 cm, kilpos skersmuo: 4,5 mm<\/p>","protected":false},"excerpt":{"rendered":"<p>E201 825873000861<\/p>\n","protected":false},"featured_media":8893,"template":"","meta":[],"product_cat":[277,300],"product_tag":[],"_links":{"self":[{"href":"https:\/\/bico.ee\/lt\/wp-json\/wp\/v2\/product\/14280"}],"collection":[{"href":"https:\/\/bico.ee\/lt\/wp-json\/wp\/v2\/product"}],"about":[{"href":"https:\/\/bico.ee\/lt\/wp-json\/wp\/v2\/types\/product"}],"wp:featuredmedia":[{"embeddable":true,"href":"https:\/\/bico.ee\/lt\/wp-json\/wp\/v2\/media\/8893"}],"wp:attachment":[{"href":"https:\/\/bico.ee\/lt\/wp-json\/wp\/v2\/media?parent=14280"}],"wp:term":[{"taxonomy":"product_cat","embeddable":true,"href":"https:\/\/bico.ee\/lt\/wp-json\/wp\/v2\/product_cat?post=14280"},{"taxonomy":"product_tag","embeddable":true,"href":"https:\/\/bico.ee\/lt\/wp-json\/wp\/v2\/product_tag?post=14280"}],"curies":[{"name":"wp","href":"https:\/\/api.w.org\/{rel}","templated":true}]}}