{"id":14283,"date":"2026-04-10T18:43:56","date_gmt":"2026-04-10T18:43:56","guid":{"rendered":""},"modified":"2026-04-10T18:43:56","modified_gmt":"2026-04-10T18:43:56","slug":"bico-world-triad-vaike-satiinist-hobedane-ripats-e206","status":"publish","type":"product","link":"https:\/\/bico.ee\/lt\/p\/bico-world-triad-mazas-atlasinis-sidabro-spalvos-pakabukas-e206\/","title":{"rendered":"Bico &#8220;World Triad&#8221; ma\u017eas atlasinis sidabro spalvos pakabukas (E206)"},"content":{"rendered":"<p>Tai dalis nesenstan\u010dio Bico pakabuk\u0173 asortimento. <BR><UL><LI>Pavadinimas: Pasaulio triada <\/LI><LI>Reik\u0161m\u0117: Am\u017einyb\u0117 ir kosminis k\u016brybi\u0161kumas <\/LI><LI>\u201eBico\u201c si\u016blo daugyb\u0119 matini\u0173 grandin\u0117li\u0173, odini\u0173 virveli\u0173 ir pakabuk\u0173, kurie papildys \u0161\u012f pakabuk\u0105 Rankomis poliruoto sidabro spalvos alavo pakabuk\u0105 su unikalia apsaugine danga. Pakabuko plotis: 2,1 cm, ilgis: 2,1 cm, kilpos skersmuo: 4,5 mm<\/p>","protected":false},"excerpt":{"rendered":"<p>E206 825873000915<\/p>\n","protected":false},"featured_media":8902,"template":"","meta":[],"product_cat":[277,300],"product_tag":[],"_links":{"self":[{"href":"https:\/\/bico.ee\/lt\/wp-json\/wp\/v2\/product\/14283"}],"collection":[{"href":"https:\/\/bico.ee\/lt\/wp-json\/wp\/v2\/product"}],"about":[{"href":"https:\/\/bico.ee\/lt\/wp-json\/wp\/v2\/types\/product"}],"wp:featuredmedia":[{"embeddable":true,"href":"https:\/\/bico.ee\/lt\/wp-json\/wp\/v2\/media\/8902"}],"wp:attachment":[{"href":"https:\/\/bico.ee\/lt\/wp-json\/wp\/v2\/media?parent=14283"}],"wp:term":[{"taxonomy":"product_cat","embeddable":true,"href":"https:\/\/bico.ee\/lt\/wp-json\/wp\/v2\/product_cat?post=14283"},{"taxonomy":"product_tag","embeddable":true,"href":"https:\/\/bico.ee\/lt\/wp-json\/wp\/v2\/product_tag?post=14283"}],"curies":[{"name":"wp","href":"https:\/\/api.w.org\/{rel}","templated":true}]}}