{"id":14294,"date":"2026-04-10T18:43:56","date_gmt":"2026-04-10T18:43:56","guid":{"rendered":""},"modified":"2026-04-10T18:43:56","modified_gmt":"2026-04-10T18:43:56","slug":"bico-assal-oda-ripats-musta-viimistlusega-e194-must","status":"publish","type":"product","link":"https:\/\/bico.ee\/lt\/p\/bico-assal-pakabukai-su-juoda-apdaila-e194-juoda\/","title":{"rendered":"Bico &#8220;Assal&#8221; pakabukai su juoda apdaila (E194 juoda)"},"content":{"rendered":"<p>Tai dalis nesenstan\u010dio Bico pakabuk\u0173 asortimento. <BR><UL><LI>Pavadinimas: Assal <\/LI><LI>Reik\u0161m\u0117: visada tikras ir niekada i\u0161jungtas Tikslinis <\/LI><LI>\u201eBico\u201c si\u016blo daugyb\u0119 juod\u0173 gatav\u0173 grandini\u0173, odini\u0173 virveli\u0173 ir pakabu\u010di\u0173, kurie papildys \u0161\u012f pakabuk\u0105 Galimi apdailos variantai: sidabrin\u0117 arba juoda. Pakabuko plotis: 1,9 cm, ilgis: 3,7 cm, kilpos skersmuo: 6,5 mm<\/p>","protected":false},"excerpt":{"rendered":"<p>E194BLK 825873067666<\/p>\n","protected":false},"featured_media":8936,"template":"","meta":[],"product_cat":[298],"product_tag":[],"_links":{"self":[{"href":"https:\/\/bico.ee\/lt\/wp-json\/wp\/v2\/product\/14294"}],"collection":[{"href":"https:\/\/bico.ee\/lt\/wp-json\/wp\/v2\/product"}],"about":[{"href":"https:\/\/bico.ee\/lt\/wp-json\/wp\/v2\/types\/product"}],"wp:featuredmedia":[{"embeddable":true,"href":"https:\/\/bico.ee\/lt\/wp-json\/wp\/v2\/media\/8936"}],"wp:attachment":[{"href":"https:\/\/bico.ee\/lt\/wp-json\/wp\/v2\/media?parent=14294"}],"wp:term":[{"taxonomy":"product_cat","embeddable":true,"href":"https:\/\/bico.ee\/lt\/wp-json\/wp\/v2\/product_cat?post=14294"},{"taxonomy":"product_tag","embeddable":true,"href":"https:\/\/bico.ee\/lt\/wp-json\/wp\/v2\/product_tag?post=14294"}],"curies":[{"name":"wp","href":"https:\/\/api.w.org\/{rel}","templated":true}]}}