{"id":14306,"date":"2026-04-10T18:43:56","date_gmt":"2026-04-10T18:43:56","guid":{"rendered":""},"modified":"2026-04-10T18:43:56","modified_gmt":"2026-04-10T18:43:56","slug":"bico-star-scout-ripats-musta-viimistlusega-e261-must","status":"publish","type":"product","link":"https:\/\/bico.ee\/lt\/p\/bico-star-scout-pakabukas-su-juoda-apdaila-e261-juoda\/","title":{"rendered":"Bico &#8220;Star Scout&#8221; pakabukas su juoda apdaila (E261 juoda)"},"content":{"rendered":"<p>Tai dalis nesenstan\u010dio Bico pakabuk\u0173 asortimento. <BR><UL><LI>Pavadinimas: \u201eStar Scout\u201c <\/LI><LI>Reik\u0161m\u0117: i\u0161radingumas ir nuotyki\u0173 kupinas <\/LI><LI>\u201eBico\u201c si\u016blo daugyb\u0119 juod\u0173 gatav\u0173 grandini\u0173, odini\u0173 virveli\u0173 ir pakabuk\u0173, kurie papildys \u0161\u012f pakabuk\u0105 Galimi apdailos variantai: sidabrin\u0117 arba juoda. Pakabuko plotis: 2,9 cm Ilgis: 3,5 cm Kilpos skersmuo: 6,5 mm<\/p>","protected":false},"excerpt":{"rendered":"<p>E261BLK 825873046791<\/p>\n","protected":false},"featured_media":8971,"template":"","meta":[],"product_cat":[298],"product_tag":[],"_links":{"self":[{"href":"https:\/\/bico.ee\/lt\/wp-json\/wp\/v2\/product\/14306"}],"collection":[{"href":"https:\/\/bico.ee\/lt\/wp-json\/wp\/v2\/product"}],"about":[{"href":"https:\/\/bico.ee\/lt\/wp-json\/wp\/v2\/types\/product"}],"wp:featuredmedia":[{"embeddable":true,"href":"https:\/\/bico.ee\/lt\/wp-json\/wp\/v2\/media\/8971"}],"wp:attachment":[{"href":"https:\/\/bico.ee\/lt\/wp-json\/wp\/v2\/media?parent=14306"}],"wp:term":[{"taxonomy":"product_cat","embeddable":true,"href":"https:\/\/bico.ee\/lt\/wp-json\/wp\/v2\/product_cat?post=14306"},{"taxonomy":"product_tag","embeddable":true,"href":"https:\/\/bico.ee\/lt\/wp-json\/wp\/v2\/product_tag?post=14306"}],"curies":[{"name":"wp","href":"https:\/\/api.w.org\/{rel}","templated":true}]}}