{"id":15738,"date":"2026-04-10T18:44:01","date_gmt":"2026-04-10T18:44:01","guid":{"rendered":""},"modified":"2026-04-10T18:44:01","modified_gmt":"2026-04-10T18:44:01","slug":"bico-brown-nahast-katised-randmepaelad-bwb15-brown-50mm-1-31-32","status":"publish","type":"product","link":"https:\/\/bico.ee\/lt\/p\/bico-brown-odos-rankogaliai-rieso-juostos-bwb15-brown-50mm-1-31-32\/","title":{"rendered":"Bico Brown odos rankogaliai \/ rie\u0161o juostos (BWB15 Brown) 50mm 1 31\/32\u2033"},"content":{"rendered":"<p>Nat\u016bralios karv\u0117s odos oda su gen\u010di\u0173 ra\u0161tais sudeginta \u012f veid\u0105, su 3 komplektais pozityvi\u0173 knied\u017ei\u0173, leid\u017eian\u010di\u0173 nustatyti skirtingo ilgio. Kadangi oda yra nat\u016bralus produktas, kiekvieno gabalo spalva ir tekst\u016bra \u0161iek tiek skiriasi. Trys knied\u017ei\u0173 pad\u0117tys sukuria reguliuojam\u0105 ilg\u012f: 19, 21 ir 23 cm.<\/p>","protected":false},"excerpt":{"rendered":"<p>BWB15BR 825873052242<\/p>\n","protected":false},"featured_media":10747,"template":"","meta":[],"product_cat":[112],"product_tag":[],"_links":{"self":[{"href":"https:\/\/bico.ee\/lt\/wp-json\/wp\/v2\/product\/15738"}],"collection":[{"href":"https:\/\/bico.ee\/lt\/wp-json\/wp\/v2\/product"}],"about":[{"href":"https:\/\/bico.ee\/lt\/wp-json\/wp\/v2\/types\/product"}],"wp:featuredmedia":[{"embeddable":true,"href":"https:\/\/bico.ee\/lt\/wp-json\/wp\/v2\/media\/10747"}],"wp:attachment":[{"href":"https:\/\/bico.ee\/lt\/wp-json\/wp\/v2\/media?parent=15738"}],"wp:term":[{"taxonomy":"product_cat","embeddable":true,"href":"https:\/\/bico.ee\/lt\/wp-json\/wp\/v2\/product_cat?post=15738"},{"taxonomy":"product_tag","embeddable":true,"href":"https:\/\/bico.ee\/lt\/wp-json\/wp\/v2\/product_tag?post=15738"}],"curies":[{"name":"wp","href":"https:\/\/api.w.org\/{rel}","templated":true}]}}