{"id":15744,"date":"2026-04-10T18:44:01","date_gmt":"2026-04-10T18:44:01","guid":{"rendered":""},"modified":"2026-04-10T18:44:01","modified_gmt":"2026-04-10T18:44:01","slug":"bico-browni-nahast-katised-randmepaelad-metallist-sisestusega-bwe6-brown-50mm-1-31-32","status":"publish","type":"product","link":"https:\/\/bico.ee\/lt\/p\/bico-brown-odos-rankogaliai-rieso-juostos-su-metaliniu-ideklu-bwe6-brown-50mm-1-31-32\/","title":{"rendered":"Bico Brown odos rankogaliai \/ rie\u0161o juostos su metaliniu \u012fd\u0117klu (BWE6 Brown) 50mm 1 31\/32\u2033"},"content":{"rendered":"<p>Tikros karv\u0117s odos oda su gen\u010di\u0173 ra\u0161tais sudeg\u0117 veid\u0105, o vir\u0161uje kniedytas didelis metalinis elementas. Yra 3 komplekt\u0173 knied\u017ei\u0173, leid\u017eian\u010di\u0173 nustatyti skirtingo ilgio. Kadangi oda yra nat\u016bralus produktas, kiekvieno gabalo spalva ir tekst\u016bra \u0161iek tiek skiriasi. Trys knied\u017ei\u0173 pad\u0117tys sukuria reguliuojam\u0105 ilg\u012f: 19, 21 ir 23 cm.<\/p>","protected":false},"excerpt":{"rendered":"<p>BWE6BR 825873052181<\/p>\n","protected":false},"featured_media":10765,"template":"","meta":[],"product_cat":[112],"product_tag":[],"_links":{"self":[{"href":"https:\/\/bico.ee\/lt\/wp-json\/wp\/v2\/product\/15744"}],"collection":[{"href":"https:\/\/bico.ee\/lt\/wp-json\/wp\/v2\/product"}],"about":[{"href":"https:\/\/bico.ee\/lt\/wp-json\/wp\/v2\/types\/product"}],"wp:featuredmedia":[{"embeddable":true,"href":"https:\/\/bico.ee\/lt\/wp-json\/wp\/v2\/media\/10765"}],"wp:attachment":[{"href":"https:\/\/bico.ee\/lt\/wp-json\/wp\/v2\/media?parent=15744"}],"wp:term":[{"taxonomy":"product_cat","embeddable":true,"href":"https:\/\/bico.ee\/lt\/wp-json\/wp\/v2\/product_cat?post=15744"},{"taxonomy":"product_tag","embeddable":true,"href":"https:\/\/bico.ee\/lt\/wp-json\/wp\/v2\/product_tag?post=15744"}],"curies":[{"name":"wp","href":"https:\/\/api.w.org\/{rel}","templated":true}]}}