{"id":15805,"date":"2026-04-10T18:44:01","date_gmt":"2026-04-10T18:44:01","guid":{"rendered":""},"modified":"2026-04-10T18:44:01","modified_gmt":"2026-04-10T18:44:01","slug":"bico-gate-keeper-kaelakee-ja-ripatsite-komplekt-mx1","status":"publish","type":"product","link":"https:\/\/bico.ee\/lt\/p\/bico-vartu-saugotojo-karoliu-ir-pakabuku-rinkinys-mx1\/","title":{"rendered":"Bico  &#8220;Vart\u0173 saugotojo karoli\u0173&#8221; ir pakabuk\u0173 rinkinys (MX1)"},"content":{"rendered":"<p>Unikalus BICO po\u017ei\u016bris \u012f dizain\u0105 ir gamyb\u0105 sukuria nesenstan\u010dius papuo\u0161alus tiek vyrams, tiek moterims. Pavadinimas: Vart\u0173 sargas Reik\u0161m\u0117: turi sielos rakt\u0105, kad jis i\u0161likt\u0173 nepa\u017eeistas.<\/p>","protected":false},"excerpt":{"rendered":"<p>MX1 825873058596<\/p>\n","protected":false},"featured_media":10849,"template":"","meta":[],"product_cat":[169],"product_tag":[],"_links":{"self":[{"href":"https:\/\/bico.ee\/lt\/wp-json\/wp\/v2\/product\/15805"}],"collection":[{"href":"https:\/\/bico.ee\/lt\/wp-json\/wp\/v2\/product"}],"about":[{"href":"https:\/\/bico.ee\/lt\/wp-json\/wp\/v2\/types\/product"}],"wp:featuredmedia":[{"embeddable":true,"href":"https:\/\/bico.ee\/lt\/wp-json\/wp\/v2\/media\/10849"}],"wp:attachment":[{"href":"https:\/\/bico.ee\/lt\/wp-json\/wp\/v2\/media?parent=15805"}],"wp:term":[{"taxonomy":"product_cat","embeddable":true,"href":"https:\/\/bico.ee\/lt\/wp-json\/wp\/v2\/product_cat?post=15805"},{"taxonomy":"product_tag","embeddable":true,"href":"https:\/\/bico.ee\/lt\/wp-json\/wp\/v2\/product_tag?post=15805"}],"curies":[{"name":"wp","href":"https:\/\/api.w.org\/{rel}","templated":true}]}}