{"id":15806,"date":"2026-04-24T07:43:59","date_gmt":"2026-04-24T07:43:59","guid":{"rendered":""},"modified":"2026-04-24T07:43:59","modified_gmt":"2026-04-24T07:43:59","slug":"bico-soki-ja-buskini-kaelakee-ja-ripatsite-komplekt-mx2","status":"publish","type":"product","link":"https:\/\/bico.ee\/lt\/p\/bico-kojiniu-ir-autobusu-karoliu-ir-pakabuku-rinkinys-mx2\/","title":{"rendered":"Bico &#8220;kojini\u0173 ir autobus\u0173&#8221; karoli\u0173 ir pakabuk\u0173 rinkinys (MX2)"},"content":{"rendered":"<p>Unikalus BICO po\u017ei\u016bris \u012f dizain\u0105 ir gamyb\u0105 sukuria nesenstan\u010dius papuo\u0161alus tiek vyrams, tiek moterims. Pavadinimas: Kojin\u0117s ir Buskinas Reik\u0161m\u0117: Komedija ir tragedija \u017dmogaus emocij\u0173 dvilypumas.<\/p>","protected":false},"excerpt":{"rendered":"<p>MX2 825873058602<\/p>\n","protected":false},"featured_media":10852,"template":"","meta":[],"product_cat":[169],"product_tag":[],"_links":{"self":[{"href":"https:\/\/bico.ee\/lt\/wp-json\/wp\/v2\/product\/15806"}],"collection":[{"href":"https:\/\/bico.ee\/lt\/wp-json\/wp\/v2\/product"}],"about":[{"href":"https:\/\/bico.ee\/lt\/wp-json\/wp\/v2\/types\/product"}],"wp:featuredmedia":[{"embeddable":true,"href":"https:\/\/bico.ee\/lt\/wp-json\/wp\/v2\/media\/10852"}],"wp:attachment":[{"href":"https:\/\/bico.ee\/lt\/wp-json\/wp\/v2\/media?parent=15806"}],"wp:term":[{"taxonomy":"product_cat","embeddable":true,"href":"https:\/\/bico.ee\/lt\/wp-json\/wp\/v2\/product_cat?post=15806"},{"taxonomy":"product_tag","embeddable":true,"href":"https:\/\/bico.ee\/lt\/wp-json\/wp\/v2\/product_tag?post=15806"}],"curies":[{"name":"wp","href":"https:\/\/api.w.org\/{rel}","templated":true}]}}