{"id":15809,"date":"2026-04-10T18:44:01","date_gmt":"2026-04-10T18:44:01","guid":{"rendered":""},"modified":"2026-04-10T18:44:01","modified_gmt":"2026-04-10T18:44:01","slug":"bico-mr-noname-kaelakee-ja-ripatsite-komplekt-mx5","status":"publish","type":"product","link":"https:\/\/bico.ee\/lt\/p\/bico-mr-noname-karoliu-ir-pakabuku-rinkinys-mx5\/","title":{"rendered":"Bico &#8220;Mr Noname&#8221; karoli\u0173 ir pakabuk\u0173 rinkinys (MX5)"},"content":{"rendered":"<p>Unikalus BICO po\u017ei\u016bris \u012f dizain\u0105 ir gamyb\u0105 sukuria nesenstan\u010dius papuo\u0161alus tiek vyrams, tiek moterims. Vardas: Ponas Noname Reik\u0161m\u0117: joki\u0173 gailes\u010di\u0173 ir joki\u0173 skund\u0173 nepalieka joki\u0173 p\u0117dsak\u0173.<\/p>","protected":false},"excerpt":{"rendered":"<p>MX5 825873058633<\/p>\n","protected":false},"featured_media":10861,"template":"","meta":[],"product_cat":[169],"product_tag":[],"_links":{"self":[{"href":"https:\/\/bico.ee\/lt\/wp-json\/wp\/v2\/product\/15809"}],"collection":[{"href":"https:\/\/bico.ee\/lt\/wp-json\/wp\/v2\/product"}],"about":[{"href":"https:\/\/bico.ee\/lt\/wp-json\/wp\/v2\/types\/product"}],"wp:featuredmedia":[{"embeddable":true,"href":"https:\/\/bico.ee\/lt\/wp-json\/wp\/v2\/media\/10861"}],"wp:attachment":[{"href":"https:\/\/bico.ee\/lt\/wp-json\/wp\/v2\/media?parent=15809"}],"wp:term":[{"taxonomy":"product_cat","embeddable":true,"href":"https:\/\/bico.ee\/lt\/wp-json\/wp\/v2\/product_cat?post=15809"},{"taxonomy":"product_tag","embeddable":true,"href":"https:\/\/bico.ee\/lt\/wp-json\/wp\/v2\/product_tag?post=15809"}],"curies":[{"name":"wp","href":"https:\/\/api.w.org\/{rel}","templated":true}]}}