{"id":15811,"date":"2026-04-10T18:44:01","date_gmt":"2026-04-10T18:44:01","guid":{"rendered":""},"modified":"2026-04-10T18:44:01","modified_gmt":"2026-04-10T18:44:01","slug":"bico-mississippi-kukkuv-kaelakee-ja-ripatsid-mx7","status":"publish","type":"product","link":"https:\/\/bico.ee\/lt\/p\/bico-misisipes-krintantis-karoliai-ir-pakabukai-mx7\/","title":{"rendered":"Bico &#8220;Misisip\u0117s krintantis&#8221; karoliai ir pakabukai (MX7)"},"content":{"rendered":"<p>Unikalus BICO po\u017ei\u016bris \u012f dizain\u0105 ir gamyb\u0105 sukuria nesenstan\u010dius papuo\u0161alus tiek vyrams, tiek moterims. Vardas: krentanti Misisip\u0117 Reik\u0161m\u0117: viskas &#8230; Va\u017eiuokite ta upe ramiai rizikuojate gauti didel\u0119 gr\u0105\u017e\u0105.<\/p>","protected":false},"excerpt":{"rendered":"<p>MX7 825873058657<\/p>\n","protected":false},"featured_media":10867,"template":"","meta":[],"product_cat":[169],"product_tag":[],"_links":{"self":[{"href":"https:\/\/bico.ee\/lt\/wp-json\/wp\/v2\/product\/15811"}],"collection":[{"href":"https:\/\/bico.ee\/lt\/wp-json\/wp\/v2\/product"}],"about":[{"href":"https:\/\/bico.ee\/lt\/wp-json\/wp\/v2\/types\/product"}],"wp:featuredmedia":[{"embeddable":true,"href":"https:\/\/bico.ee\/lt\/wp-json\/wp\/v2\/media\/10867"}],"wp:attachment":[{"href":"https:\/\/bico.ee\/lt\/wp-json\/wp\/v2\/media?parent=15811"}],"wp:term":[{"taxonomy":"product_cat","embeddable":true,"href":"https:\/\/bico.ee\/lt\/wp-json\/wp\/v2\/product_cat?post=15811"},{"taxonomy":"product_tag","embeddable":true,"href":"https:\/\/bico.ee\/lt\/wp-json\/wp\/v2\/product_tag?post=15811"}],"curies":[{"name":"wp","href":"https:\/\/api.w.org\/{rel}","templated":true}]}}