{"id":15812,"date":"2026-04-10T18:44:01","date_gmt":"2026-04-10T18:44:01","guid":{"rendered":""},"modified":"2026-04-10T18:44:01","modified_gmt":"2026-04-10T18:44:01","slug":"bico-empire-fliers-37-kaelakee-ja-ripatsite-komplekt-mx8","status":"publish","type":"product","link":"https:\/\/bico.ee\/lt\/p\/bico-empire-fliers-37-coliu-karoliu-ir-pakabuku-rinkinys-mx8\/","title":{"rendered":"Bico &#8220;Empire Fliers&#8221; 37 coli\u0173 karoli\u0173 ir pakabuk\u0173 rinkinys (MX8)"},"content":{"rendered":"<p>Unikalus BICO po\u017ei\u016bris \u012f dizain\u0105 ir gamyb\u0105 sukuria nesenstan\u010dius papuo\u0161alus tiek vyrams, tiek moterims. Pavadinimas: \u201eEmpire Fliers\u201c 37 Reik\u0161m\u0117: \u201eSky Bound\u201c ir \u201e\u017dvaig\u017ed\u017ei\u0173 vedlys\u201c visada pasiruo\u0161\u0119s nuotykiams.<\/p>","protected":false},"excerpt":{"rendered":"<p>MX8 825873058664<\/p>\n","protected":false},"featured_media":10870,"template":"","meta":[],"product_cat":[169],"product_tag":[],"_links":{"self":[{"href":"https:\/\/bico.ee\/lt\/wp-json\/wp\/v2\/product\/15812"}],"collection":[{"href":"https:\/\/bico.ee\/lt\/wp-json\/wp\/v2\/product"}],"about":[{"href":"https:\/\/bico.ee\/lt\/wp-json\/wp\/v2\/types\/product"}],"wp:featuredmedia":[{"embeddable":true,"href":"https:\/\/bico.ee\/lt\/wp-json\/wp\/v2\/media\/10870"}],"wp:attachment":[{"href":"https:\/\/bico.ee\/lt\/wp-json\/wp\/v2\/media?parent=15812"}],"wp:term":[{"taxonomy":"product_cat","embeddable":true,"href":"https:\/\/bico.ee\/lt\/wp-json\/wp\/v2\/product_cat?post=15812"},{"taxonomy":"product_tag","embeddable":true,"href":"https:\/\/bico.ee\/lt\/wp-json\/wp\/v2\/product_tag?post=15812"}],"curies":[{"name":"wp","href":"https:\/\/api.w.org\/{rel}","templated":true}]}}