{"id":15813,"date":"2026-04-10T18:44:02","date_gmt":"2026-04-10T18:44:02","guid":{"rendered":""},"modified":"2026-04-10T18:44:02","modified_gmt":"2026-04-10T18:44:02","slug":"bico-belle-a-blues-kaelakee-ja-ripatsite-komplekt-mx9","status":"publish","type":"product","link":"https:\/\/bico.ee\/lt\/p\/bico-belle-a-blues-karoliu-ir-pakabuku-rinkinys-mx9\/","title":{"rendered":"Bico &#8220;Belle A Blues&#8221; karoli\u0173 ir pakabuk\u0173 rinkinys (MX9)"},"content":{"rendered":"<p>Unikalus BICO po\u017ei\u016bris \u012f dizain\u0105 ir gamyb\u0105 sukuria nesenstan\u010dius papuo\u0161alus tiek vyrams, tiek moterims. Vardas: \u201eBelle A Blues\u201c Reik\u0161m\u0117: gyvenime n\u0117ra nieko tikro, i\u0161skyrus mirt\u012f ir mokes\u010dius (ir jaunikliai kasa kirvius).<\/p>","protected":false},"excerpt":{"rendered":"<p>MX9 825873058671<\/p>\n","protected":false},"featured_media":10873,"template":"","meta":[],"product_cat":[169],"product_tag":[],"_links":{"self":[{"href":"https:\/\/bico.ee\/lt\/wp-json\/wp\/v2\/product\/15813"}],"collection":[{"href":"https:\/\/bico.ee\/lt\/wp-json\/wp\/v2\/product"}],"about":[{"href":"https:\/\/bico.ee\/lt\/wp-json\/wp\/v2\/types\/product"}],"wp:featuredmedia":[{"embeddable":true,"href":"https:\/\/bico.ee\/lt\/wp-json\/wp\/v2\/media\/10873"}],"wp:attachment":[{"href":"https:\/\/bico.ee\/lt\/wp-json\/wp\/v2\/media?parent=15813"}],"wp:term":[{"taxonomy":"product_cat","embeddable":true,"href":"https:\/\/bico.ee\/lt\/wp-json\/wp\/v2\/product_cat?post=15813"},{"taxonomy":"product_tag","embeddable":true,"href":"https:\/\/bico.ee\/lt\/wp-json\/wp\/v2\/product_tag?post=15813"}],"curies":[{"name":"wp","href":"https:\/\/api.w.org\/{rel}","templated":true}]}}