{"id":15815,"date":"2026-04-10T18:44:02","date_gmt":"2026-04-10T18:44:02","guid":{"rendered":""},"modified":"2026-04-10T18:44:02","modified_gmt":"2026-04-10T18:44:02","slug":"bico-21-sajandi-karma-kaelakee-ja-ripatsite-komplekt-mx11","status":"publish","type":"product","link":"https:\/\/bico.ee\/lt\/p\/bico-xxi-amziaus-karmos-karoliu-ir-pakabuku-rinkinys-mx11\/","title":{"rendered":"Bico XXI am\u017eiaus karmos karoli\u0173 ir pakabuk\u0173 rinkinys (MX11)"},"content":{"rendered":"<p>Unikalus BICO po\u017ei\u016bris \u012f dizain\u0105 ir gamyb\u0105 sukuria nesenstan\u010dius papuo\u0161alus tiek vyrams, tiek moterims. Vardas: XXI am\u017eiaus karma Reik\u0161m\u0117: neatid\u0117k to, ko nebenori.<\/p>","protected":false},"excerpt":{"rendered":"<p>MX11 825873058695<\/p>\n","protected":false},"featured_media":10879,"template":"","meta":[],"product_cat":[169],"product_tag":[],"_links":{"self":[{"href":"https:\/\/bico.ee\/lt\/wp-json\/wp\/v2\/product\/15815"}],"collection":[{"href":"https:\/\/bico.ee\/lt\/wp-json\/wp\/v2\/product"}],"about":[{"href":"https:\/\/bico.ee\/lt\/wp-json\/wp\/v2\/types\/product"}],"wp:featuredmedia":[{"embeddable":true,"href":"https:\/\/bico.ee\/lt\/wp-json\/wp\/v2\/media\/10879"}],"wp:attachment":[{"href":"https:\/\/bico.ee\/lt\/wp-json\/wp\/v2\/media?parent=15815"}],"wp:term":[{"taxonomy":"product_cat","embeddable":true,"href":"https:\/\/bico.ee\/lt\/wp-json\/wp\/v2\/product_cat?post=15815"},{"taxonomy":"product_tag","embeddable":true,"href":"https:\/\/bico.ee\/lt\/wp-json\/wp\/v2\/product_tag?post=15815"}],"curies":[{"name":"wp","href":"https:\/\/api.w.org\/{rel}","templated":true}]}}