{"id":15818,"date":"2026-04-10T18:44:02","date_gmt":"2026-04-10T18:44:02","guid":{"rendered":""},"modified":"2026-04-10T18:44:02","modified_gmt":"2026-04-10T18:44:02","slug":"bico-all-girl-supporters-club-kaelakee-ja-ripatsite-komplekt-mx14","status":"publish","type":"product","link":"https:\/\/bico.ee\/lt\/p\/bico-all-girl-supporters-club-karoliu-ir-pakabuku-rinkinys-mx14\/","title":{"rendered":"Bico &#8220;All Girl Supporters Club&#8221; karoli\u0173 ir pakabuk\u0173 rinkinys (MX14)"},"content":{"rendered":"<p>Unikalus BICO po\u017ei\u016bris \u012f dizain\u0105 ir gamyb\u0105 sukuria nesenstan\u010dius papuo\u0161alus tiek vyrams, tiek moterims. Pavadinimas: Vis\u0173 mergai\u010di\u0173 r\u0117m\u0117j\u0173 klubas Reik\u0161m\u0117: nediskriminuoti, vertinti.<\/p>","protected":false},"excerpt":{"rendered":"<p>MX14 825873058725<\/p>\n","protected":false},"featured_media":10888,"template":"","meta":[],"product_cat":[169],"product_tag":[],"_links":{"self":[{"href":"https:\/\/bico.ee\/lt\/wp-json\/wp\/v2\/product\/15818"}],"collection":[{"href":"https:\/\/bico.ee\/lt\/wp-json\/wp\/v2\/product"}],"about":[{"href":"https:\/\/bico.ee\/lt\/wp-json\/wp\/v2\/types\/product"}],"wp:featuredmedia":[{"embeddable":true,"href":"https:\/\/bico.ee\/lt\/wp-json\/wp\/v2\/media\/10888"}],"wp:attachment":[{"href":"https:\/\/bico.ee\/lt\/wp-json\/wp\/v2\/media?parent=15818"}],"wp:term":[{"taxonomy":"product_cat","embeddable":true,"href":"https:\/\/bico.ee\/lt\/wp-json\/wp\/v2\/product_cat?post=15818"},{"taxonomy":"product_tag","embeddable":true,"href":"https:\/\/bico.ee\/lt\/wp-json\/wp\/v2\/product_tag?post=15818"}],"curies":[{"name":"wp","href":"https:\/\/api.w.org\/{rel}","templated":true}]}}