{"id":15821,"date":"2026-04-10T18:44:02","date_gmt":"2026-04-10T18:44:02","guid":{"rendered":""},"modified":"2026-04-10T18:44:02","modified_gmt":"2026-04-10T18:44:02","slug":"bico-kadunud-rockstar-kaelakee-ja-ripatsid-mx17","status":"publish","type":"product","link":"https:\/\/bico.ee\/lt\/p\/bico-palaidunas-rockstar-karoliai-ir-pakabukai-mx17\/","title":{"rendered":"Bico  palaid\u016bnas &#8220;Rockstar&#8221; karoliai ir pakabukai (MX17)"},"content":{"rendered":"<p>Unikalus BICO po\u017ei\u016bris \u012f dizain\u0105 ir gamyb\u0105 sukuria nesenstan\u010dius papuo\u0161alus tiek vyrams, tiek moterims. Vardas: palaid\u016bnas \u201eRockstar\u201c Reik\u0161m\u0117: gyvenimas yra greitkelis be \u017eenkl\u0173 ir i\u0161\u0117jim\u0173 \u012f dang\u0173 ar pragar\u0105.<\/p>","protected":false},"excerpt":{"rendered":"<p>MX17 825873058756<\/p>\n","protected":false},"featured_media":10897,"template":"","meta":[],"product_cat":[169],"product_tag":[],"_links":{"self":[{"href":"https:\/\/bico.ee\/lt\/wp-json\/wp\/v2\/product\/15821"}],"collection":[{"href":"https:\/\/bico.ee\/lt\/wp-json\/wp\/v2\/product"}],"about":[{"href":"https:\/\/bico.ee\/lt\/wp-json\/wp\/v2\/types\/product"}],"wp:featuredmedia":[{"embeddable":true,"href":"https:\/\/bico.ee\/lt\/wp-json\/wp\/v2\/media\/10897"}],"wp:attachment":[{"href":"https:\/\/bico.ee\/lt\/wp-json\/wp\/v2\/media?parent=15821"}],"wp:term":[{"taxonomy":"product_cat","embeddable":true,"href":"https:\/\/bico.ee\/lt\/wp-json\/wp\/v2\/product_cat?post=15821"},{"taxonomy":"product_tag","embeddable":true,"href":"https:\/\/bico.ee\/lt\/wp-json\/wp\/v2\/product_tag?post=15821"}],"curies":[{"name":"wp","href":"https:\/\/api.w.org\/{rel}","templated":true}]}}