{"id":15824,"date":"2026-04-10T18:44:02","date_gmt":"2026-04-10T18:44:02","guid":{"rendered":""},"modified":"2026-04-10T18:44:02","modified_gmt":"2026-04-10T18:44:02","slug":"bico-ode-to-perdition-kaelakee-ja-ripatsite-komplekt-mx20","status":"publish","type":"product","link":"https:\/\/bico.ee\/lt\/p\/bico-odes-prazuties-karoliu-ir-pakabuku-rinkinys-mx20\/","title":{"rendered":"Bico &#8220;Od\u0117s pra\u017e\u016bties&#8221; karoli\u0173 ir pakabuk\u0173 rinkinys (MX20)"},"content":{"rendered":"<p>Unikalus BICO po\u017ei\u016bris \u012f dizain\u0105 ir gamyb\u0105 sukuria nesenstan\u010dius papuo\u0161alus tiek vyrams, tiek moterims. Pavadinimas: Od\u0117 pra\u017e\u016b\u010diai Reik\u0161m\u0117: Sunaikinimas yra simfonija, geriausiai atliekama viena.<\/p>","protected":false},"excerpt":{"rendered":"<p>MX20 825873058787<\/p>\n","protected":false},"featured_media":10906,"template":"","meta":[],"product_cat":[169],"product_tag":[],"_links":{"self":[{"href":"https:\/\/bico.ee\/lt\/wp-json\/wp\/v2\/product\/15824"}],"collection":[{"href":"https:\/\/bico.ee\/lt\/wp-json\/wp\/v2\/product"}],"about":[{"href":"https:\/\/bico.ee\/lt\/wp-json\/wp\/v2\/types\/product"}],"wp:featuredmedia":[{"embeddable":true,"href":"https:\/\/bico.ee\/lt\/wp-json\/wp\/v2\/media\/10906"}],"wp:attachment":[{"href":"https:\/\/bico.ee\/lt\/wp-json\/wp\/v2\/media?parent=15824"}],"wp:term":[{"taxonomy":"product_cat","embeddable":true,"href":"https:\/\/bico.ee\/lt\/wp-json\/wp\/v2\/product_cat?post=15824"},{"taxonomy":"product_tag","embeddable":true,"href":"https:\/\/bico.ee\/lt\/wp-json\/wp\/v2\/product_tag?post=15824"}],"curies":[{"name":"wp","href":"https:\/\/api.w.org\/{rel}","templated":true}]}}