{"id":15827,"date":"2026-04-10T18:44:02","date_gmt":"2026-04-10T18:44:02","guid":{"rendered":""},"modified":"2026-04-10T18:44:02","modified_gmt":"2026-04-10T18:44:02","slug":"bico-mojave-kirbuturu-kaelakee-ja-ripatsite-komplekt-mx23","status":"publish","type":"product","link":"https:\/\/bico.ee\/lt\/p\/bico-mojave-flea-market-karoliu-ir-pakabuku-rinkinys-mx23\/","title":{"rendered":"Bico &#8220;Mojave Flea Market&#8221; karoli\u0173 ir pakabuk\u0173 rinkinys (MX23)"},"content":{"rendered":"<p>Unikalus BICO po\u017ei\u016bris \u012f dizain\u0105 ir gamyb\u0105 sukuria nesenstan\u010dius papuo\u0161alus tiek vyrams, tiek moterims. Pavadinimas: Mojave sendaik\u010di\u0173 turgus Reik\u0161m\u0117: \u0161iuk\u0161liad\u0117\u017e\u0117 daro lob\u012f gera kompanija.<\/p>","protected":false},"excerpt":{"rendered":"<p>MX23 825873058817<\/p>\n","protected":false},"featured_media":10915,"template":"","meta":[],"product_cat":[169],"product_tag":[],"_links":{"self":[{"href":"https:\/\/bico.ee\/lt\/wp-json\/wp\/v2\/product\/15827"}],"collection":[{"href":"https:\/\/bico.ee\/lt\/wp-json\/wp\/v2\/product"}],"about":[{"href":"https:\/\/bico.ee\/lt\/wp-json\/wp\/v2\/types\/product"}],"wp:featuredmedia":[{"embeddable":true,"href":"https:\/\/bico.ee\/lt\/wp-json\/wp\/v2\/media\/10915"}],"wp:attachment":[{"href":"https:\/\/bico.ee\/lt\/wp-json\/wp\/v2\/media?parent=15827"}],"wp:term":[{"taxonomy":"product_cat","embeddable":true,"href":"https:\/\/bico.ee\/lt\/wp-json\/wp\/v2\/product_cat?post=15827"},{"taxonomy":"product_tag","embeddable":true,"href":"https:\/\/bico.ee\/lt\/wp-json\/wp\/v2\/product_tag?post=15827"}],"curies":[{"name":"wp","href":"https:\/\/api.w.org\/{rel}","templated":true}]}}