{"id":15828,"date":"2026-04-10T18:44:02","date_gmt":"2026-04-10T18:44:02","guid":{"rendered":""},"modified":"2026-04-10T18:44:02","modified_gmt":"2026-04-10T18:44:02","slug":"bico-salakuttide-ja-rahu-kaelakee-ja-ripatsid-mx24","status":"publish","type":"product","link":"https:\/\/bico.ee\/lt\/p\/bico-brakonieriaus-ir-taikos-karoliai-ir-pakabukai-mx24\/","title":{"rendered":"Bico &#8220;Brakonieriaus ir taikos&#8221; karoliai ir pakabukai (MX24)"},"content":{"rendered":"<p>Unikalus BICO po\u017ei\u016bris \u012f dizain\u0105 ir gamyb\u0105 sukuria nesenstan\u010dius papuo\u0161alus tiek vyrams, tiek moterims. Pavadinimas: Brakonieriaus ir taika Reik\u0161m\u0117: Visada vyksta karas ir i\u0161 jo turi b\u016bti sukurta taika.<\/p>","protected":false},"excerpt":{"rendered":"<p>MX24 825873058824<\/p>\n","protected":false},"featured_media":10918,"template":"","meta":[],"product_cat":[169],"product_tag":[],"_links":{"self":[{"href":"https:\/\/bico.ee\/lt\/wp-json\/wp\/v2\/product\/15828"}],"collection":[{"href":"https:\/\/bico.ee\/lt\/wp-json\/wp\/v2\/product"}],"about":[{"href":"https:\/\/bico.ee\/lt\/wp-json\/wp\/v2\/types\/product"}],"wp:featuredmedia":[{"embeddable":true,"href":"https:\/\/bico.ee\/lt\/wp-json\/wp\/v2\/media\/10918"}],"wp:attachment":[{"href":"https:\/\/bico.ee\/lt\/wp-json\/wp\/v2\/media?parent=15828"}],"wp:term":[{"taxonomy":"product_cat","embeddable":true,"href":"https:\/\/bico.ee\/lt\/wp-json\/wp\/v2\/product_cat?post=15828"},{"taxonomy":"product_tag","embeddable":true,"href":"https:\/\/bico.ee\/lt\/wp-json\/wp\/v2\/product_tag?post=15828"}],"curies":[{"name":"wp","href":"https:\/\/api.w.org\/{rel}","templated":true}]}}