{"id":15829,"date":"2026-04-10T18:44:02","date_gmt":"2026-04-10T18:44:02","guid":{"rendered":""},"modified":"2026-04-10T18:44:02","modified_gmt":"2026-04-10T18:44:02","slug":"bico-veterano-kaelakee-ja-ripatsite-komplekt-mx25","status":"publish","type":"product","link":"https:\/\/bico.ee\/lt\/p\/bico-veterano-karoliu-ir-pakabuku-rinkinys-mx25\/","title":{"rendered":"Bico &#8220;Veterano&#8221; karoli\u0173 ir pakabuk\u0173 rinkinys (MX25)"},"content":{"rendered":"<p>Unikalus BICO po\u017ei\u016bris \u012f dizain\u0105 ir gamyb\u0105 sukuria nesenstan\u010dius papuo\u0161alus tiek vyrams, tiek moterims. Vardas: veteranas Reik\u0161m\u0117: daugiau nei j\u016bs\u0173 s\u0105\u017eininga kelioni\u0173 dalis ir vis dar vyksta.<\/p>","protected":false},"excerpt":{"rendered":"<p>MX25 825873058831<\/p>\n","protected":false},"featured_media":10921,"template":"","meta":[],"product_cat":[169],"product_tag":[],"_links":{"self":[{"href":"https:\/\/bico.ee\/lt\/wp-json\/wp\/v2\/product\/15829"}],"collection":[{"href":"https:\/\/bico.ee\/lt\/wp-json\/wp\/v2\/product"}],"about":[{"href":"https:\/\/bico.ee\/lt\/wp-json\/wp\/v2\/types\/product"}],"wp:featuredmedia":[{"embeddable":true,"href":"https:\/\/bico.ee\/lt\/wp-json\/wp\/v2\/media\/10921"}],"wp:attachment":[{"href":"https:\/\/bico.ee\/lt\/wp-json\/wp\/v2\/media?parent=15829"}],"wp:term":[{"taxonomy":"product_cat","embeddable":true,"href":"https:\/\/bico.ee\/lt\/wp-json\/wp\/v2\/product_cat?post=15829"},{"taxonomy":"product_tag","embeddable":true,"href":"https:\/\/bico.ee\/lt\/wp-json\/wp\/v2\/product_tag?post=15829"}],"curies":[{"name":"wp","href":"https:\/\/api.w.org\/{rel}","templated":true}]}}