{"id":15832,"date":"2026-04-10T18:44:02","date_gmt":"2026-04-10T18:44:02","guid":{"rendered":""},"modified":"2026-04-10T18:44:02","modified_gmt":"2026-04-10T18:44:02","slug":"bico-mea-maxima-culpa-kaelakee-ja-ripatsite-komplekt-mx28","status":"publish","type":"product","link":"https:\/\/bico.ee\/lt\/p\/bico-mea-maxima-culpa-karoliu-ir-pakabuku-rinkinys-mx28\/","title":{"rendered":"Bico &#8220;Mea Maxima Culpa&#8221; karoli\u0173 ir pakabuk\u0173 rinkinys (MX28)"},"content":{"rendered":"<p>Unikalus BICO po\u017ei\u016bris \u012f dizain\u0105 ir gamyb\u0105 sukuria nesenstan\u010dius papuo\u0161alus tiek vyrams, tiek moterims. Vardas: Mea Maxima Culpa Reik\u0161m\u0117: s\u0105\u017ein\u0117 n\u0117ra \u017eodis, tai tik\u0117jimo \u0161uolis.<\/p>","protected":false},"excerpt":{"rendered":"<p>MX28 825873058862<\/p>\n","protected":false},"featured_media":10930,"template":"","meta":[],"product_cat":[169],"product_tag":[],"_links":{"self":[{"href":"https:\/\/bico.ee\/lt\/wp-json\/wp\/v2\/product\/15832"}],"collection":[{"href":"https:\/\/bico.ee\/lt\/wp-json\/wp\/v2\/product"}],"about":[{"href":"https:\/\/bico.ee\/lt\/wp-json\/wp\/v2\/types\/product"}],"wp:featuredmedia":[{"embeddable":true,"href":"https:\/\/bico.ee\/lt\/wp-json\/wp\/v2\/media\/10930"}],"wp:attachment":[{"href":"https:\/\/bico.ee\/lt\/wp-json\/wp\/v2\/media?parent=15832"}],"wp:term":[{"taxonomy":"product_cat","embeddable":true,"href":"https:\/\/bico.ee\/lt\/wp-json\/wp\/v2\/product_cat?post=15832"},{"taxonomy":"product_tag","embeddable":true,"href":"https:\/\/bico.ee\/lt\/wp-json\/wp\/v2\/product_tag?post=15832"}],"curies":[{"name":"wp","href":"https:\/\/api.w.org\/{rel}","templated":true}]}}