{"id":15835,"date":"2026-04-10T18:44:02","date_gmt":"2026-04-10T18:44:02","guid":{"rendered":""},"modified":"2026-04-10T18:44:02","modified_gmt":"2026-04-10T18:44:02","slug":"bico-bone-bossa-nova-kaelakee-ja-ripatsite-komplekt-mx31","status":"publish","type":"product","link":"https:\/\/bico.ee\/lt\/p\/bico-bone-bossa-nova-karoliu-ir-pakabuku-rinkinys-mx31\/","title":{"rendered":"Bico &#8220;Bone Bossa Nova&#8221; karoli\u0173 ir pakabuk\u0173 rinkinys (MX31)"},"content":{"rendered":"<p>Unikalus BICO po\u017ei\u016bris \u012f dizain\u0105 ir gamyb\u0105 sukuria nesenstan\u010dius papuo\u0161alus tiek vyrams, tiek moterims. Pavadinimas: Bone Bossa Nova Reik\u0161m\u0117: \u0160ioje spintoje n\u0117ra skelet\u0173, jie i\u0161eina ir \u0161oka.<\/p>","protected":false},"excerpt":{"rendered":"<p>MX31 825873058893<\/p>\n","protected":false},"featured_media":10938,"template":"","meta":[],"product_cat":[169],"product_tag":[],"_links":{"self":[{"href":"https:\/\/bico.ee\/lt\/wp-json\/wp\/v2\/product\/15835"}],"collection":[{"href":"https:\/\/bico.ee\/lt\/wp-json\/wp\/v2\/product"}],"about":[{"href":"https:\/\/bico.ee\/lt\/wp-json\/wp\/v2\/types\/product"}],"wp:featuredmedia":[{"embeddable":true,"href":"https:\/\/bico.ee\/lt\/wp-json\/wp\/v2\/media\/10938"}],"wp:attachment":[{"href":"https:\/\/bico.ee\/lt\/wp-json\/wp\/v2\/media?parent=15835"}],"wp:term":[{"taxonomy":"product_cat","embeddable":true,"href":"https:\/\/bico.ee\/lt\/wp-json\/wp\/v2\/product_cat?post=15835"},{"taxonomy":"product_tag","embeddable":true,"href":"https:\/\/bico.ee\/lt\/wp-json\/wp\/v2\/product_tag?post=15835"}],"curies":[{"name":"wp","href":"https:\/\/api.w.org\/{rel}","templated":true}]}}