{"id":15837,"date":"2026-04-10T18:44:02","date_gmt":"2026-04-10T18:44:02","guid":{"rendered":""},"modified":"2026-04-10T18:44:02","modified_gmt":"2026-04-10T18:44:02","slug":"bico-whisky-petei-kaelakee-ja-ripatsite-komplekt-mx33","status":"publish","type":"product","link":"https:\/\/bico.ee\/lt\/p\/bico-whisky-pete-karoliu-ir-pakabuku-rinkinys-mx33\/","title":{"rendered":"Bico &#8220;Whisky Pete&#8221; karoli\u0173 ir pakabuk\u0173 rinkinys (MX33)"},"content":{"rendered":"<p>Unikalus BICO po\u017ei\u016bris \u012f dizain\u0105 ir gamyb\u0105 sukuria nesenstan\u010dius papuo\u0161alus tiek vyrams, tiek moterims. Vardas: Viskis Pitas Reik\u0161m\u0117: Prie\u0161 patekdami \u012f didel\u012f \u0161ou, visada yra ma\u017ea staigmena.<\/p>","protected":false},"excerpt":{"rendered":"<p>MX33 825873058916<\/p>\n","protected":false},"featured_media":10944,"template":"","meta":[],"product_cat":[169],"product_tag":[],"_links":{"self":[{"href":"https:\/\/bico.ee\/lt\/wp-json\/wp\/v2\/product\/15837"}],"collection":[{"href":"https:\/\/bico.ee\/lt\/wp-json\/wp\/v2\/product"}],"about":[{"href":"https:\/\/bico.ee\/lt\/wp-json\/wp\/v2\/types\/product"}],"wp:featuredmedia":[{"embeddable":true,"href":"https:\/\/bico.ee\/lt\/wp-json\/wp\/v2\/media\/10944"}],"wp:attachment":[{"href":"https:\/\/bico.ee\/lt\/wp-json\/wp\/v2\/media?parent=15837"}],"wp:term":[{"taxonomy":"product_cat","embeddable":true,"href":"https:\/\/bico.ee\/lt\/wp-json\/wp\/v2\/product_cat?post=15837"},{"taxonomy":"product_tag","embeddable":true,"href":"https:\/\/bico.ee\/lt\/wp-json\/wp\/v2\/product_tag?post=15837"}],"curies":[{"name":"wp","href":"https:\/\/api.w.org\/{rel}","templated":true}]}}