{"id":16086,"date":"2026-04-10T18:44:03","date_gmt":"2026-04-10T18:44:03","guid":{"rendered":""},"modified":"2026-04-10T18:44:03","modified_gmt":"2026-04-10T18:44:03","slug":"bico-thori-haamri-ripats-satiinviimistluses-e337","status":"publish","type":"product","link":"https:\/\/bico.ee\/lt\/p\/bico-thors-hammer-pakabukas-su-satino-apdaila-e337\/","title":{"rendered":"Bico &#8220;Thor&#8221;s Hammer&#8221; pakabukas su satino apdaila (E337)"},"content":{"rendered":"<p>Tai nesenstan\u010dio \u201eBico\u201c piktogram\u0173 pakabuk\u0173 asortimento dalis. Pavadinimas: Thoro plaktukas Reik\u0161m\u0117: laim\u0117kite kovas, palikite savo \u017eenkl\u0105, \u012fveikite Original\u0173 \u201eBico\u201c sukurt\u0105 pakabuk\u0105 su unikaliu oksiduoto matinio sidabro apdaila. . Pakabuko plotis: 2,4 cm, ilgis: 2,7 cm<\/p>","protected":false},"excerpt":{"rendered":"<p>E337 825873074503<\/p>\n","protected":false},"featured_media":11277,"template":"","meta":[],"product_cat":[277,300],"product_tag":[],"_links":{"self":[{"href":"https:\/\/bico.ee\/lt\/wp-json\/wp\/v2\/product\/16086"}],"collection":[{"href":"https:\/\/bico.ee\/lt\/wp-json\/wp\/v2\/product"}],"about":[{"href":"https:\/\/bico.ee\/lt\/wp-json\/wp\/v2\/types\/product"}],"wp:featuredmedia":[{"embeddable":true,"href":"https:\/\/bico.ee\/lt\/wp-json\/wp\/v2\/media\/11277"}],"wp:attachment":[{"href":"https:\/\/bico.ee\/lt\/wp-json\/wp\/v2\/media?parent=16086"}],"wp:term":[{"taxonomy":"product_cat","embeddable":true,"href":"https:\/\/bico.ee\/lt\/wp-json\/wp\/v2\/product_cat?post=16086"},{"taxonomy":"product_tag","embeddable":true,"href":"https:\/\/bico.ee\/lt\/wp-json\/wp\/v2\/product_tag?post=16086"}],"curies":[{"name":"wp","href":"https:\/\/api.w.org\/{rel}","templated":true}]}}