{"id":16087,"date":"2026-04-10T18:44:03","date_gmt":"2026-04-10T18:44:03","guid":{"rendered":""},"modified":"2026-04-10T18:44:03","modified_gmt":"2026-04-10T18:44:03","slug":"bico-triquetra-ripats-satiinviimistlusega-e338","status":"publish","type":"product","link":"https:\/\/bico.ee\/lt\/p\/bico-triquetra-pakabukas-su-satino-apdaila-e338\/","title":{"rendered":"Bico &#8220;Triquetra&#8221; pakabukas su satino apdaila (E338)"},"content":{"rendered":"<p>Tai nesenstan\u010dio \u201eBico\u201c piktogram\u0173 pakabuk\u0173 asortimento dalis. Pavadinimas: Triquetra Reik\u0161m\u0117: susietas trimis jungtimis Originalus \u201eBico\u201c sukurtas pakabukas su unikaliu oksiduoto matinio sidabro pavir\u0161iumi. . Pakabuko plotis: 2,2 cm, ilgis: 2,6 cm<\/p>","protected":false},"excerpt":{"rendered":"<p>E338 825873074510<\/p>\n","protected":false},"featured_media":11280,"template":"","meta":[],"product_cat":[277,300],"product_tag":[],"_links":{"self":[{"href":"https:\/\/bico.ee\/lt\/wp-json\/wp\/v2\/product\/16087"}],"collection":[{"href":"https:\/\/bico.ee\/lt\/wp-json\/wp\/v2\/product"}],"about":[{"href":"https:\/\/bico.ee\/lt\/wp-json\/wp\/v2\/types\/product"}],"wp:featuredmedia":[{"embeddable":true,"href":"https:\/\/bico.ee\/lt\/wp-json\/wp\/v2\/media\/11280"}],"wp:attachment":[{"href":"https:\/\/bico.ee\/lt\/wp-json\/wp\/v2\/media?parent=16087"}],"wp:term":[{"taxonomy":"product_cat","embeddable":true,"href":"https:\/\/bico.ee\/lt\/wp-json\/wp\/v2\/product_cat?post=16087"},{"taxonomy":"product_tag","embeddable":true,"href":"https:\/\/bico.ee\/lt\/wp-json\/wp\/v2\/product_tag?post=16087"}],"curies":[{"name":"wp","href":"https:\/\/api.w.org\/{rel}","templated":true}]}}