{"id":16089,"date":"2026-04-10T18:44:03","date_gmt":"2026-04-10T18:44:03","guid":{"rendered":""},"modified":"2026-04-10T18:44:03","modified_gmt":"2026-04-10T18:44:03","slug":"bico-croix-de-coeur-ripats-satiinviimistlusega-e340","status":"publish","type":"product","link":"https:\/\/bico.ee\/lt\/p\/bico-croix-de-coeur-pakabukas-su-satino-apdaila-e340\/","title":{"rendered":"Bico &#8220;Croix De Coeur&#8221; pakabukas su satino apdaila (E340)"},"content":{"rendered":"<p>Tai nesenstan\u010dio \u201eBico\u201c piktogram\u0173 pakabuk\u0173 asortimento dalis. Pavadinimas: Croix De Coeur Reik\u0161m\u0117: tik\u0117jimas, viltis ir meil\u0117, atsidavimo galia Originalus \u201eBico\u201c sukurtas pakabukas su unikaliu oksiduoto matinio sidabro pavir\u0161iumi. . Pakabuko plotis: 1,8 cm, ilgis: 2 cm<\/p>","protected":false},"excerpt":{"rendered":"<p>E340 825873074534<\/p>\n","protected":false},"featured_media":11286,"template":"","meta":[],"product_cat":[277,300],"product_tag":[],"_links":{"self":[{"href":"https:\/\/bico.ee\/lt\/wp-json\/wp\/v2\/product\/16089"}],"collection":[{"href":"https:\/\/bico.ee\/lt\/wp-json\/wp\/v2\/product"}],"about":[{"href":"https:\/\/bico.ee\/lt\/wp-json\/wp\/v2\/types\/product"}],"wp:featuredmedia":[{"embeddable":true,"href":"https:\/\/bico.ee\/lt\/wp-json\/wp\/v2\/media\/11286"}],"wp:attachment":[{"href":"https:\/\/bico.ee\/lt\/wp-json\/wp\/v2\/media?parent=16089"}],"wp:term":[{"taxonomy":"product_cat","embeddable":true,"href":"https:\/\/bico.ee\/lt\/wp-json\/wp\/v2\/product_cat?post=16089"},{"taxonomy":"product_tag","embeddable":true,"href":"https:\/\/bico.ee\/lt\/wp-json\/wp\/v2\/product_tag?post=16089"}],"curies":[{"name":"wp","href":"https:\/\/api.w.org\/{rel}","templated":true}]}}