{"id":16091,"date":"2026-04-10T18:44:03","date_gmt":"2026-04-10T18:44:03","guid":{"rendered":""},"modified":"2026-04-10T18:44:03","modified_gmt":"2026-04-10T18:44:03","slug":"bico-infinitus-ripats-satiinviimistlusega-e342","status":"publish","type":"product","link":"https:\/\/bico.ee\/lt\/p\/bico-infinitus-pakabukas-su-satino-apdaila-e342\/","title":{"rendered":"Bico &#8220;Infinitus&#8221; pakabukas su satino apdaila (E342)"},"content":{"rendered":"<p>Tai nesenstan\u010dio \u201eBico\u201c piktogram\u0173 pakabuk\u0173 asortimento dalis. Pavadinimas: Begalin\u0117 Reik\u0161m\u0117: vienyb\u0117 ir am\u017einyb\u0117, u\u017e aki\u0173 rib\u0173, begalinis tik\u0117jimas ir atradimai Originalus \u201eBico\u201c sukurtas pakabukas su unikaliu oksiduoto matinio sidabro apdaila. . Pakabuko plotis: 1,8 cm, ilgis: 3,5 cm<\/p>","protected":false},"excerpt":{"rendered":"<p>E342 825873074558<\/p>\n","protected":false},"featured_media":11294,"template":"","meta":[],"product_cat":[277,300],"product_tag":[],"_links":{"self":[{"href":"https:\/\/bico.ee\/lt\/wp-json\/wp\/v2\/product\/16091"}],"collection":[{"href":"https:\/\/bico.ee\/lt\/wp-json\/wp\/v2\/product"}],"about":[{"href":"https:\/\/bico.ee\/lt\/wp-json\/wp\/v2\/types\/product"}],"wp:featuredmedia":[{"embeddable":true,"href":"https:\/\/bico.ee\/lt\/wp-json\/wp\/v2\/media\/11294"}],"wp:attachment":[{"href":"https:\/\/bico.ee\/lt\/wp-json\/wp\/v2\/media?parent=16091"}],"wp:term":[{"taxonomy":"product_cat","embeddable":true,"href":"https:\/\/bico.ee\/lt\/wp-json\/wp\/v2\/product_cat?post=16091"},{"taxonomy":"product_tag","embeddable":true,"href":"https:\/\/bico.ee\/lt\/wp-json\/wp\/v2\/product_tag?post=16091"}],"curies":[{"name":"wp","href":"https:\/\/api.w.org\/{rel}","templated":true}]}}