{"id":16092,"date":"2026-04-10T18:44:03","date_gmt":"2026-04-10T18:44:03","guid":{"rendered":""},"modified":"2026-04-10T18:44:03","modified_gmt":"2026-04-10T18:44:03","slug":"bico-elupuu-ripats-satiinviimistlusega-e343","status":"publish","type":"product","link":"https:\/\/bico.ee\/lt\/p\/bico-pakabukas-gyvybes-medis-su-satino-apdaila-e343\/","title":{"rendered":"Bico pakabukas &#8220;Gyvyb\u0117s medis&#8221; su satino apdaila (E343)"},"content":{"rendered":"<p>Tai nesenstan\u010dio \u201eBico\u201c piktogram\u0173 pakabuk\u0173 asortimento dalis. Pavadinimas: Gyvyb\u0117s medis Reik\u0161m\u0117: senov\u0117s tiesos, dievi\u0161kojo ry\u0161ys su \u017emogaus \u0161irdimi Originalus \u201eBico\u201c sukurtas pakabukas su unikaliu oksiduoto matinio sidabro apdaila. . Pakabuko plotis: 2,5 cm, ilgis: 2,6 cm<\/p>","protected":false},"excerpt":{"rendered":"<p>E343 825873074565<\/p>\n","protected":false},"featured_media":11299,"template":"","meta":[],"product_cat":[277,300],"product_tag":[],"_links":{"self":[{"href":"https:\/\/bico.ee\/lt\/wp-json\/wp\/v2\/product\/16092"}],"collection":[{"href":"https:\/\/bico.ee\/lt\/wp-json\/wp\/v2\/product"}],"about":[{"href":"https:\/\/bico.ee\/lt\/wp-json\/wp\/v2\/types\/product"}],"wp:featuredmedia":[{"embeddable":true,"href":"https:\/\/bico.ee\/lt\/wp-json\/wp\/v2\/media\/11299"}],"wp:attachment":[{"href":"https:\/\/bico.ee\/lt\/wp-json\/wp\/v2\/media?parent=16092"}],"wp:term":[{"taxonomy":"product_cat","embeddable":true,"href":"https:\/\/bico.ee\/lt\/wp-json\/wp\/v2\/product_cat?post=16092"},{"taxonomy":"product_tag","embeddable":true,"href":"https:\/\/bico.ee\/lt\/wp-json\/wp\/v2\/product_tag?post=16092"}],"curies":[{"name":"wp","href":"https:\/\/api.w.org\/{rel}","templated":true}]}}