{"id":16093,"date":"2026-04-10T18:44:03","date_gmt":"2026-04-10T18:44:03","guid":{"rendered":""},"modified":"2026-04-10T18:44:03","modified_gmt":"2026-04-10T18:44:03","slug":"bico-ichthys-kala-ripats-satiinviimistlusega-e344","status":"publish","type":"product","link":"https:\/\/bico.ee\/lt\/p\/bico-ichthys-zuvies-pakabukas-su-satino-apdaila-e344\/","title":{"rendered":"Bico &#8220;Ichthys&#8221; \u017euvies pakabukas su satino apdaila (E344)"},"content":{"rendered":"<p>Tai nesenstan\u010dio \u201eBico\u201c piktogram\u0173 pakabuk\u0173 asortimento dalis. Pavadinimas: Ichthys Reik\u0161m\u0117: gelb\u0117tojas Originalus \u201eBico\u201c sukurtas pakabukas su unikaliu oksiduoto matinio sidabro pavir\u0161iumi. . Pakabuko plotis: 2,1 cm, ilgis: 2,8 cm<\/p>","protected":false},"excerpt":{"rendered":"<p>E344 825873074572<\/p>\n","protected":false},"featured_media":11302,"template":"","meta":[],"product_cat":[277,300],"product_tag":[],"_links":{"self":[{"href":"https:\/\/bico.ee\/lt\/wp-json\/wp\/v2\/product\/16093"}],"collection":[{"href":"https:\/\/bico.ee\/lt\/wp-json\/wp\/v2\/product"}],"about":[{"href":"https:\/\/bico.ee\/lt\/wp-json\/wp\/v2\/types\/product"}],"wp:featuredmedia":[{"embeddable":true,"href":"https:\/\/bico.ee\/lt\/wp-json\/wp\/v2\/media\/11302"}],"wp:attachment":[{"href":"https:\/\/bico.ee\/lt\/wp-json\/wp\/v2\/media?parent=16093"}],"wp:term":[{"taxonomy":"product_cat","embeddable":true,"href":"https:\/\/bico.ee\/lt\/wp-json\/wp\/v2\/product_cat?post=16093"},{"taxonomy":"product_tag","embeddable":true,"href":"https:\/\/bico.ee\/lt\/wp-json\/wp\/v2\/product_tag?post=16093"}],"curies":[{"name":"wp","href":"https:\/\/api.w.org\/{rel}","templated":true}]}}