{"id":16094,"date":"2026-04-10T18:44:03","date_gmt":"2026-04-10T18:44:03","guid":{"rendered":""},"modified":"2026-04-10T18:44:03","modified_gmt":"2026-04-10T18:44:03","slug":"bico-lucky-elephant-ripats-satiinviimistlusega-e345","status":"publish","type":"product","link":"https:\/\/bico.ee\/lt\/p\/bico-lucky-elephant-pakabukas-su-satino-apdaila-e345\/","title":{"rendered":"Bico &#8220;Lucky Elephant&#8221; pakabukas su satino apdaila (E345)"},"content":{"rendered":"<p>Tai nesenstan\u010dio \u201eBico\u201c piktogram\u0173 pakabuk\u0173 asortimento dalis. Pavadinimas: Laimingas dramblys Reik\u0161m\u0117: kli\u016b\u010di\u0173 \u012fveikimas, fizin\u0117s ir psichin\u0117s j\u0117gos, s\u0117km\u0117s Originalus \u201eBico\u201c sukurtas pakabukas su unikaliu oksiduoto matinio sidabro apdaila. . Pakabuko plotis: 2,5 cm, ilgis: 2,7 cm<\/p>","protected":false},"excerpt":{"rendered":"<p>E345 825873074589<\/p>\n","protected":false},"featured_media":11305,"template":"","meta":[],"product_cat":[277,300],"product_tag":[],"_links":{"self":[{"href":"https:\/\/bico.ee\/lt\/wp-json\/wp\/v2\/product\/16094"}],"collection":[{"href":"https:\/\/bico.ee\/lt\/wp-json\/wp\/v2\/product"}],"about":[{"href":"https:\/\/bico.ee\/lt\/wp-json\/wp\/v2\/types\/product"}],"wp:featuredmedia":[{"embeddable":true,"href":"https:\/\/bico.ee\/lt\/wp-json\/wp\/v2\/media\/11305"}],"wp:attachment":[{"href":"https:\/\/bico.ee\/lt\/wp-json\/wp\/v2\/media?parent=16094"}],"wp:term":[{"taxonomy":"product_cat","embeddable":true,"href":"https:\/\/bico.ee\/lt\/wp-json\/wp\/v2\/product_cat?post=16094"},{"taxonomy":"product_tag","embeddable":true,"href":"https:\/\/bico.ee\/lt\/wp-json\/wp\/v2\/product_tag?post=16094"}],"curies":[{"name":"wp","href":"https:\/\/api.w.org\/{rel}","templated":true}]}}