{"id":16095,"date":"2026-04-10T18:44:03","date_gmt":"2026-04-10T18:44:03","guid":{"rendered":""},"modified":"2026-04-10T18:44:03","modified_gmt":"2026-04-10T18:44:03","slug":"bico-kokopelli-asteekide-ripats-satiinviimistlusega-e346","status":"publish","type":"product","link":"https:\/\/bico.ee\/lt\/p\/bico-kokopelli-acteku-pakabukas-su-satino-apdaila-e346\/","title":{"rendered":"Bico &#8220;Kokopelli&#8221; actek\u0173 pakabukas su satino apdaila (E346)"},"content":{"rendered":"<p>Tai nesenstan\u010dio \u201eBico\u201c piktogram\u0173 pakabuk\u0173 asortimento dalis. Pavadinimas: \u201eKokopelli\u201c Reik\u0161m\u0117: skleisti d\u017eiaugsm\u0105 Originalus \u201eBico\u201c sukurtas pakabukas su unikaliu oksiduoto matinio sidabro pavir\u0161iumi. . Pakabuko plotis: 1,9 cm, ilgis: 2,7 cm<\/p>","protected":false},"excerpt":{"rendered":"<p>E346 825873074596<\/p>\n","protected":false},"featured_media":11308,"template":"","meta":[],"product_cat":[277,300],"product_tag":[],"_links":{"self":[{"href":"https:\/\/bico.ee\/lt\/wp-json\/wp\/v2\/product\/16095"}],"collection":[{"href":"https:\/\/bico.ee\/lt\/wp-json\/wp\/v2\/product"}],"about":[{"href":"https:\/\/bico.ee\/lt\/wp-json\/wp\/v2\/types\/product"}],"wp:featuredmedia":[{"embeddable":true,"href":"https:\/\/bico.ee\/lt\/wp-json\/wp\/v2\/media\/11308"}],"wp:attachment":[{"href":"https:\/\/bico.ee\/lt\/wp-json\/wp\/v2\/media?parent=16095"}],"wp:term":[{"taxonomy":"product_cat","embeddable":true,"href":"https:\/\/bico.ee\/lt\/wp-json\/wp\/v2\/product_cat?post=16095"},{"taxonomy":"product_tag","embeddable":true,"href":"https:\/\/bico.ee\/lt\/wp-json\/wp\/v2\/product_tag?post=16095"}],"curies":[{"name":"wp","href":"https:\/\/api.w.org\/{rel}","templated":true}]}}