{"id":16098,"date":"2026-04-10T18:44:03","date_gmt":"2026-04-10T18:44:03","guid":{"rendered":""},"modified":"2026-04-10T18:44:03","modified_gmt":"2026-04-10T18:44:03","slug":"bico-glide-inglitiiva-ripats-satiinviimistlusega-e349","status":"publish","type":"product","link":"https:\/\/bico.ee\/lt\/p\/bico-glide-angelo-sparno-pakabukas-su-satino-apdaila-e349\/","title":{"rendered":"Bico &#8220;Glide&#8221; angelo sparno pakabukas su satino apdaila (E349)"},"content":{"rendered":"<p>Tai nesenstan\u010dio \u201eBico\u201c piktogram\u0173 pakabuk\u0173 asortimento dalis. Pavadinimas: Sklandymas Reik\u0161m\u0117: pakilti vir\u0161 i\u0161\u0161\u016bkio Originalus \u201eBico\u201c sukurtas pakabukas su unikaliu oksiduoto matinio sidabro pavir\u0161iumi. . Pakabuko plotis: 1,1 cm, ilgis: 3,2 cm<\/p>","protected":false},"excerpt":{"rendered":"<p>E349 825873074626<\/p>\n","protected":false},"featured_media":11317,"template":"","meta":[],"product_cat":[277,300],"product_tag":[],"_links":{"self":[{"href":"https:\/\/bico.ee\/lt\/wp-json\/wp\/v2\/product\/16098"}],"collection":[{"href":"https:\/\/bico.ee\/lt\/wp-json\/wp\/v2\/product"}],"about":[{"href":"https:\/\/bico.ee\/lt\/wp-json\/wp\/v2\/types\/product"}],"wp:featuredmedia":[{"embeddable":true,"href":"https:\/\/bico.ee\/lt\/wp-json\/wp\/v2\/media\/11317"}],"wp:attachment":[{"href":"https:\/\/bico.ee\/lt\/wp-json\/wp\/v2\/media?parent=16098"}],"wp:term":[{"taxonomy":"product_cat","embeddable":true,"href":"https:\/\/bico.ee\/lt\/wp-json\/wp\/v2\/product_cat?post=16098"},{"taxonomy":"product_tag","embeddable":true,"href":"https:\/\/bico.ee\/lt\/wp-json\/wp\/v2\/product_tag?post=16098"}],"curies":[{"name":"wp","href":"https:\/\/api.w.org\/{rel}","templated":true}]}}