{"id":16099,"date":"2026-04-10T18:44:03","date_gmt":"2026-04-10T18:44:03","guid":{"rendered":""},"modified":"2026-04-10T18:44:03","modified_gmt":"2026-04-10T18:44:03","slug":"bico-kaitseingli-ripats-satiinviimistlusega-e350","status":"publish","type":"product","link":"https:\/\/bico.ee\/lt\/p\/bico-angelo-sargo-pakabukas-su-satino-apdaila-e350\/","title":{"rendered":"Bico &#8220;Angelo sargo&#8221; pakabukas su satino apdaila (E350)"},"content":{"rendered":"<p>Tai nesenstan\u010dio \u201eBico\u201c piktogram\u0173 pakabuk\u0173 asortimento dalis. Pavadinimas: Angelas sargas Reik\u0161m\u0117: visada su jumis, gydytojas ir gyn\u0117jas Originalus \u201eBico\u201c sukurtas pakabukas su m\u016bs\u0173 unikalia oksiduota matine sidabro danga. . Pakabuko plotis: 1,2 cm, ilgis: 2,7 cm<\/p>","protected":false},"excerpt":{"rendered":"<p>E350 825873074633<\/p>\n","protected":false},"featured_media":11320,"template":"","meta":[],"product_cat":[277,300],"product_tag":[],"_links":{"self":[{"href":"https:\/\/bico.ee\/lt\/wp-json\/wp\/v2\/product\/16099"}],"collection":[{"href":"https:\/\/bico.ee\/lt\/wp-json\/wp\/v2\/product"}],"about":[{"href":"https:\/\/bico.ee\/lt\/wp-json\/wp\/v2\/types\/product"}],"wp:featuredmedia":[{"embeddable":true,"href":"https:\/\/bico.ee\/lt\/wp-json\/wp\/v2\/media\/11320"}],"wp:attachment":[{"href":"https:\/\/bico.ee\/lt\/wp-json\/wp\/v2\/media?parent=16099"}],"wp:term":[{"taxonomy":"product_cat","embeddable":true,"href":"https:\/\/bico.ee\/lt\/wp-json\/wp\/v2\/product_cat?post=16099"},{"taxonomy":"product_tag","embeddable":true,"href":"https:\/\/bico.ee\/lt\/wp-json\/wp\/v2\/product_tag?post=16099"}],"curies":[{"name":"wp","href":"https:\/\/api.w.org\/{rel}","templated":true}]}}