{"id":16100,"date":"2026-04-10T18:44:03","date_gmt":"2026-04-10T18:44:03","guid":{"rendered":""},"modified":"2026-04-10T18:44:03","modified_gmt":"2026-04-10T18:44:03","slug":"bico-wishbone-ripats-satiinviimistlusega-e351","status":"publish","type":"product","link":"https:\/\/bico.ee\/lt\/p\/bico-wishbone-pakabukas-su-satino-apdaila-e351\/","title":{"rendered":"Bico &#8220;Wishbone&#8221; pakabukas su satino apdaila (E351)"},"content":{"rendered":"<p>Tai nesenstan\u010dio \u201eBico\u201c piktogram\u0173 pakabuk\u0173 asortimento dalis. Pavadinimas: \u201eWishbone\u201c Reik\u0161m\u0117: nepalau\u017eiamas noras Originalus \u201eBico\u201c sukurtas pakabukas su m\u016bs\u0173 unikaliu oksiduoto matinio sidabro apdaila. . Pakabuko plotis: 2,3 cm, ilgis: 2,4 cm<\/p>","protected":false},"excerpt":{"rendered":"<p>E351 825873074640<\/p>\n","protected":false},"featured_media":11323,"template":"","meta":[],"product_cat":[277,300],"product_tag":[],"_links":{"self":[{"href":"https:\/\/bico.ee\/lt\/wp-json\/wp\/v2\/product\/16100"}],"collection":[{"href":"https:\/\/bico.ee\/lt\/wp-json\/wp\/v2\/product"}],"about":[{"href":"https:\/\/bico.ee\/lt\/wp-json\/wp\/v2\/types\/product"}],"wp:featuredmedia":[{"embeddable":true,"href":"https:\/\/bico.ee\/lt\/wp-json\/wp\/v2\/media\/11323"}],"wp:attachment":[{"href":"https:\/\/bico.ee\/lt\/wp-json\/wp\/v2\/media?parent=16100"}],"wp:term":[{"taxonomy":"product_cat","embeddable":true,"href":"https:\/\/bico.ee\/lt\/wp-json\/wp\/v2\/product_cat?post=16100"},{"taxonomy":"product_tag","embeddable":true,"href":"https:\/\/bico.ee\/lt\/wp-json\/wp\/v2\/product_tag?post=16100"}],"curies":[{"name":"wp","href":"https:\/\/api.w.org\/{rel}","templated":true}]}}