{"id":16101,"date":"2026-04-10T18:44:03","date_gmt":"2026-04-10T18:44:03","guid":{"rendered":""},"modified":"2026-04-10T18:44:03","modified_gmt":"2026-04-10T18:44:03","slug":"bico-secure-in-heart-lukuga-ripats-satiinviimistlusega-e352","status":"publish","type":"product","link":"https:\/\/bico.ee\/lt\/p\/bico-secure-in-heart-uzrakto-pakabukas-su-satino-apdaila-e352\/","title":{"rendered":"Bico &#8220;Secure In Heart&#8221; u\u017erakto pakabukas su satino apdaila (E352)"},"content":{"rendered":"<p>Tai nesenstan\u010dio \u201eBico\u201c piktogram\u0173 pakabuk\u0173 asortimento dalis. Pavadinimas: saugus \u0161irdyje Reik\u0161m\u0117: j\u016bs turite mano \u0161irdies rakt\u0105 Originalus \u201eBico\u201c sukurtas pakabukas su m\u016bs\u0173 unikaliu oksiduoto matinio sidabro apdaila. . Pakabuko plotis: 1,7 cm, ilgis: 2,6 cm<\/p>","protected":false},"excerpt":{"rendered":"<p>E352 825873074657<\/p>\n","protected":false},"featured_media":11326,"template":"","meta":[],"product_cat":[277,300],"product_tag":[],"_links":{"self":[{"href":"https:\/\/bico.ee\/lt\/wp-json\/wp\/v2\/product\/16101"}],"collection":[{"href":"https:\/\/bico.ee\/lt\/wp-json\/wp\/v2\/product"}],"about":[{"href":"https:\/\/bico.ee\/lt\/wp-json\/wp\/v2\/types\/product"}],"wp:featuredmedia":[{"embeddable":true,"href":"https:\/\/bico.ee\/lt\/wp-json\/wp\/v2\/media\/11326"}],"wp:attachment":[{"href":"https:\/\/bico.ee\/lt\/wp-json\/wp\/v2\/media?parent=16101"}],"wp:term":[{"taxonomy":"product_cat","embeddable":true,"href":"https:\/\/bico.ee\/lt\/wp-json\/wp\/v2\/product_cat?post=16101"},{"taxonomy":"product_tag","embeddable":true,"href":"https:\/\/bico.ee\/lt\/wp-json\/wp\/v2\/product_tag?post=16101"}],"curies":[{"name":"wp","href":"https:\/\/api.w.org\/{rel}","templated":true}]}}