{"id":16103,"date":"2026-04-10T18:44:03","date_gmt":"2026-04-10T18:44:03","guid":{"rendered":""},"modified":"2026-04-10T18:44:03","modified_gmt":"2026-04-10T18:44:03","slug":"bico-ripats-light-feather-satiinviimistlusega-e216","status":"publish","type":"product","link":"https:\/\/bico.ee\/lt\/p\/bico-sviesiu-plunksnu-pakabukas-su-satino-apdaila-e216\/","title":{"rendered":"Bico &#8220;\u0160viesi\u0173&#8221; plunksn\u0173 pakabukas su satino apdaila (E216)"},"content":{"rendered":"<p>Tai nesenstan\u010dio \u201eBico\u201c piktogram\u0173 pakabuk\u0173 asortimento dalis. Pavadinimas: \u0161viesi plunksna Reik\u0161m\u0117: doryb\u0117 ir tiesa, ry\u0161ys su dangaus karalyste, gyvenimo laisv\u0117 Originalus \u201eBico\u201c sukurtas pakabukas su unikaliu oksiduoto matinio sidabro apdaila. . Pakabuko plotis: 0,9 cm, ilgis: 2,6 cm<\/p>","protected":false},"excerpt":{"rendered":"<p>E216 825873074671<\/p>\n","protected":false},"featured_media":11332,"template":"","meta":[],"product_cat":[277,300],"product_tag":[],"_links":{"self":[{"href":"https:\/\/bico.ee\/lt\/wp-json\/wp\/v2\/product\/16103"}],"collection":[{"href":"https:\/\/bico.ee\/lt\/wp-json\/wp\/v2\/product"}],"about":[{"href":"https:\/\/bico.ee\/lt\/wp-json\/wp\/v2\/types\/product"}],"wp:featuredmedia":[{"embeddable":true,"href":"https:\/\/bico.ee\/lt\/wp-json\/wp\/v2\/media\/11332"}],"wp:attachment":[{"href":"https:\/\/bico.ee\/lt\/wp-json\/wp\/v2\/media?parent=16103"}],"wp:term":[{"taxonomy":"product_cat","embeddable":true,"href":"https:\/\/bico.ee\/lt\/wp-json\/wp\/v2\/product_cat?post=16103"},{"taxonomy":"product_tag","embeddable":true,"href":"https:\/\/bico.ee\/lt\/wp-json\/wp\/v2\/product_tag?post=16103"}],"curies":[{"name":"wp","href":"https:\/\/api.w.org\/{rel}","templated":true}]}}