{"id":16363,"date":"2026-04-10T18:43:55","date_gmt":"2026-04-10T18:43:55","guid":{"rendered":""},"modified":"2026-04-10T18:43:55","modified_gmt":"2026-04-10T18:43:55","slug":"bico-kings-queens-paaristatud-ripatsid-bp12-brown","status":"publish","type":"product","link":"https:\/\/bico.ee\/lt\/p\/bico-kings-queens-suporuoti-pakabukai-bp12-brown\/","title":{"rendered":"Bico &#8220;Kings &#038; Queens&#8221; suporuoti pakabukai (BP12 Brown)"},"content":{"rendered":"<p>Atitinkama pora pakabuk\u0173 parduodami kaip rinkinys, idealiai tinkantys padalyti tarp artim\u0173j\u0173 ar draug\u0173. <BR><UL><LI>Pavadinimas: Karaliai ir karalien\u0117s <\/LI><LI>Reik\u0161m\u0117: \u201ePasaulis yra m\u016bs\u0173 sostas\u201c <\/LI><LI>\u201eBico\u201c si\u016blo daugyb\u0119 grandini\u0173, odini\u0173 virveli\u0173 ir pakabu\u010di\u0173, kad u\u017ebaigt\u0173 por\u0105 pakabuk\u0173, atitinkan\u010di\u0173 pakabuk\u0173 por\u0105 su odiniais intarpais. Pakabuko plotis: 1,4 cm Ilgis: 3 cm Kilpos skersmuo: 7 mm<\/p>","protected":false},"excerpt":{"rendered":"<p>BP12BR 825873044322<\/p>\n","protected":false},"featured_media":17092,"template":"","meta":[],"product_cat":[277,281],"product_tag":[],"_links":{"self":[{"href":"https:\/\/bico.ee\/lt\/wp-json\/wp\/v2\/product\/16363"}],"collection":[{"href":"https:\/\/bico.ee\/lt\/wp-json\/wp\/v2\/product"}],"about":[{"href":"https:\/\/bico.ee\/lt\/wp-json\/wp\/v2\/types\/product"}],"wp:featuredmedia":[{"embeddable":true,"href":"https:\/\/bico.ee\/lt\/wp-json\/wp\/v2\/media\/17092"}],"wp:attachment":[{"href":"https:\/\/bico.ee\/lt\/wp-json\/wp\/v2\/media?parent=16363"}],"wp:term":[{"taxonomy":"product_cat","embeddable":true,"href":"https:\/\/bico.ee\/lt\/wp-json\/wp\/v2\/product_cat?post=16363"},{"taxonomy":"product_tag","embeddable":true,"href":"https:\/\/bico.ee\/lt\/wp-json\/wp\/v2\/product_tag?post=16363"}],"curies":[{"name":"wp","href":"https:\/\/api.w.org\/{rel}","templated":true}]}}