{"id":17421,"date":"2026-04-10T18:44:00","date_gmt":"2026-04-10T18:44:00","guid":{"rendered":""},"modified":"2026-04-10T18:44:00","modified_gmt":"2026-04-10T18:44:00","slug":"bico-4mm-must-kummist-kaelakee-48cm-pikk-cl3-48cm","status":"publish","type":"product","link":"https:\/\/bico.ee\/lt\/p\/bico-4mm-juodas-guminis-karoliai-48cm-ilgio-cl3-48cm\/","title":{"rendered":"Bico 4mm juodas guminis karoliai 48cm ilgio (CL3 48cm)"},"content":{"rendered":"<p>Pagaminta naudojant 3 mm gumin\u012f laid\u0105 ir satino dang\u0105 i\u0161 ner\u016bdijan\u010dio plieno. Galimi ilgiai: 48 cm \u201eBico\u201c si\u016blo originali\u0173 pakabuk\u0173 asortiment\u0105.<\/p>","protected":false},"excerpt":{"rendered":"<p>CL3 825873012949<\/p>\n","protected":false},"featured_media":17422,"template":"","meta":[],"product_cat":[313],"product_tag":[],"_links":{"self":[{"href":"https:\/\/bico.ee\/lt\/wp-json\/wp\/v2\/product\/17421"}],"collection":[{"href":"https:\/\/bico.ee\/lt\/wp-json\/wp\/v2\/product"}],"about":[{"href":"https:\/\/bico.ee\/lt\/wp-json\/wp\/v2\/types\/product"}],"wp:featuredmedia":[{"embeddable":true,"href":"https:\/\/bico.ee\/lt\/wp-json\/wp\/v2\/media\/17422"}],"wp:attachment":[{"href":"https:\/\/bico.ee\/lt\/wp-json\/wp\/v2\/media?parent=17421"}],"wp:term":[{"taxonomy":"product_cat","embeddable":true,"href":"https:\/\/bico.ee\/lt\/wp-json\/wp\/v2\/product_cat?post=17421"},{"taxonomy":"product_tag","embeddable":true,"href":"https:\/\/bico.ee\/lt\/wp-json\/wp\/v2\/product_tag?post=17421"}],"curies":[{"name":"wp","href":"https:\/\/api.w.org\/{rel}","templated":true}]}}