{"id":18290,"date":"2026-04-10T18:43:54","date_gmt":"2026-04-10T18:43:54","guid":{"rendered":""},"modified":"2026-04-10T18:43:54","modified_gmt":"2026-04-10T18:43:54","slug":"bico-universumi-hobe-messingist-vasest-voi-musta-tooniga-ripatsiga-tt4","status":"publish","type":"product","link":"https:\/\/bico.ee\/lt\/p\/bico-universe-sidabras-su-zalvario-vario-arba-juodo-atspalvio-pakabuku-tt4\/","title":{"rendered":"Bico  &#8220;Universe&#8221; sidabras su \u017ealvario, vario arba juodo atspalvio pakabuku (TT4)"},"content":{"rendered":"<p>Vientisas dviej\u0173 skirting\u0173 element\u0173 mi\u0161inys, sukuriantis vien\u0105 \u012fdom\u0173 pakabuk\u0105. Rankomis poliruotas sidabro, \u017ealvario arba vario alavo pakabukas su unikalia apsaugine danga. <BR><UL><LI>Pavadinimas: Visata <\/LI><LI>Reik\u0161m\u0117: atrodyti u\u017e savo rato Originalus <\/LI><LI>\u201eBico\u201c pakabukas, skland\u017eiai sujungiantis du skirtingus elementus, sukuriantis vien\u0105 \u012fdom\u0173 pakabuk\u0105. Galimos apdailos: sidabras\/\u017ealvaris, sidabras\/varis, sidabras\/juoda. Pakabuko plotis: 2,3 cm, ilgis: 3,1 cm, kilpos skersmuo: 6,7 mm<\/p>","protected":false},"excerpt":{"rendered":"<p>TT4 0<\/p>\n","protected":false},"featured_media":18291,"template":"","meta":[],"product_cat":[277,278],"product_tag":[],"_links":{"self":[{"href":"https:\/\/bico.ee\/lt\/wp-json\/wp\/v2\/product\/18290"}],"collection":[{"href":"https:\/\/bico.ee\/lt\/wp-json\/wp\/v2\/product"}],"about":[{"href":"https:\/\/bico.ee\/lt\/wp-json\/wp\/v2\/types\/product"}],"wp:featuredmedia":[{"embeddable":true,"href":"https:\/\/bico.ee\/lt\/wp-json\/wp\/v2\/media\/18291"}],"wp:attachment":[{"href":"https:\/\/bico.ee\/lt\/wp-json\/wp\/v2\/media?parent=18290"}],"wp:term":[{"taxonomy":"product_cat","embeddable":true,"href":"https:\/\/bico.ee\/lt\/wp-json\/wp\/v2\/product_cat?post=18290"},{"taxonomy":"product_tag","embeddable":true,"href":"https:\/\/bico.ee\/lt\/wp-json\/wp\/v2\/product_tag?post=18290"}],"curies":[{"name":"wp","href":"https:\/\/api.w.org\/{rel}","templated":true}]}}