{"id":18308,"date":"2026-04-10T18:43:54","date_gmt":"2026-04-10T18:43:54","guid":{"rendered":""},"modified":"2026-04-10T18:43:54","modified_gmt":"2026-04-10T18:43:54","slug":"bico-tre-ripats-roosipuuga-ew2","status":"publish","type":"product","link":"https:\/\/bico.ee\/lt\/p\/bico-tre-pakabukas-su-rozmedziu-ew2\/","title":{"rendered":"Bico &#8220;Tre&#8221; pakabukas su ro\u017emed\u017eiu (EW2)"},"content":{"rendered":"<p>Galingas dirbtini\u0173 ir nat\u016brali\u0173 element\u0173 derinys. Rankomis poliruotas juodos spalvos alavo pakabukas su raudonmed\u017eio \u012fd\u0117klu. <BR><UL><LI>Pavadinimas: Tre &#8216;<\/LI><LI>Reik\u0161m\u0117: Nuo \u0161iol am\u017einai, niekada vis dar <\/LI><LI>Bico si\u016blo daugyb\u0119 juod\u0173 gatav\u0173 grandini\u0173, odini\u0173 virveli\u0173 ir pakabu\u010di\u0173, kurie papildys \u0161\u012f pakabuk\u0105 Galimi apdailos variantai: sidabrin\u0117 arba juoda su ro\u017emed\u017eio \u012fd\u0117klu. Pakabuko plotis: 2,9 cm, ilgis: 2,9 cm, kilpos skersmuo: 6,5 mm<\/p>","protected":false},"excerpt":{"rendered":"<p>EW2 0<\/p>\n","protected":false},"featured_media":18309,"template":"","meta":[],"product_cat":[277,279],"product_tag":[],"_links":{"self":[{"href":"https:\/\/bico.ee\/lt\/wp-json\/wp\/v2\/product\/18308"}],"collection":[{"href":"https:\/\/bico.ee\/lt\/wp-json\/wp\/v2\/product"}],"about":[{"href":"https:\/\/bico.ee\/lt\/wp-json\/wp\/v2\/types\/product"}],"wp:featuredmedia":[{"embeddable":true,"href":"https:\/\/bico.ee\/lt\/wp-json\/wp\/v2\/media\/18309"}],"wp:attachment":[{"href":"https:\/\/bico.ee\/lt\/wp-json\/wp\/v2\/media?parent=18308"}],"wp:term":[{"taxonomy":"product_cat","embeddable":true,"href":"https:\/\/bico.ee\/lt\/wp-json\/wp\/v2\/product_cat?post=18308"},{"taxonomy":"product_tag","embeddable":true,"href":"https:\/\/bico.ee\/lt\/wp-json\/wp\/v2\/product_tag?post=18308"}],"curies":[{"name":"wp","href":"https:\/\/api.w.org\/{rel}","templated":true}]}}