{"id":18322,"date":"2026-04-10T18:43:55","date_gmt":"2026-04-10T18:43:55","guid":{"rendered":""},"modified":"2026-04-10T18:43:55","modified_gmt":"2026-04-10T18:43:55","slug":"bico-igavene-armastus-paaritud-lumehelveste-ripatsid-bp1","status":"publish","type":"product","link":"https:\/\/bico.ee\/lt\/p\/bico-amzina-meile-suporuoti-sniego-dribsniu-pakabuciai-bp1\/","title":{"rendered":"Bico &#8220;Am\u017eina meil\u0117&#8221; suporuoti sniego dribsni\u0173 pakabu\u010diai (BP1)"},"content":{"rendered":"<p>Tinkama pora pakabuk\u0173 su sidabro ir aukso danga parduodami kaip rinkinys, idealiai tinkantys padalyti tarp artim\u0173j\u0173 ar draug\u0173. <BR><UL><LI>Pavadinimas: Am\u017eina meil\u0117 <\/LI><LI>Reik\u0161m\u0117: Meil\u0117 am\u017einos \u017eiemos prisiminimai <\/LI><LI>\u201eBico\u201c si\u016blo daugyb\u0119 grandini\u0173, odini\u0173 virveli\u0173 ir pakabuk\u0173, kad u\u017ebaigt\u0173 por\u0105 tinkam\u0173 pakabuk\u0173. Galimi apdailos variantai: Snaig\u0117 gali b\u016bti aukso arba sidabro spalvos. Pakabuko plotis: 1,9 cm, ilgis: 3,8 cm, kilpos skersmuo: 9 mm<\/p>","protected":false},"excerpt":{"rendered":"<p>BP1 0<\/p>\n","protected":false},"featured_media":18323,"template":"","meta":[],"product_cat":[277,281],"product_tag":[],"_links":{"self":[{"href":"https:\/\/bico.ee\/lt\/wp-json\/wp\/v2\/product\/18322"}],"collection":[{"href":"https:\/\/bico.ee\/lt\/wp-json\/wp\/v2\/product"}],"about":[{"href":"https:\/\/bico.ee\/lt\/wp-json\/wp\/v2\/types\/product"}],"wp:featuredmedia":[{"embeddable":true,"href":"https:\/\/bico.ee\/lt\/wp-json\/wp\/v2\/media\/18323"}],"wp:attachment":[{"href":"https:\/\/bico.ee\/lt\/wp-json\/wp\/v2\/media?parent=18322"}],"wp:term":[{"taxonomy":"product_cat","embeddable":true,"href":"https:\/\/bico.ee\/lt\/wp-json\/wp\/v2\/product_cat?post=18322"},{"taxonomy":"product_tag","embeddable":true,"href":"https:\/\/bico.ee\/lt\/wp-json\/wp\/v2\/product_tag?post=18322"}],"curies":[{"name":"wp","href":"https:\/\/api.w.org\/{rel}","templated":true}]}}