{"id":18324,"date":"2026-04-24T07:43:51","date_gmt":"2026-04-24T07:43:51","guid":{"rendered":""},"modified":"2026-04-24T07:43:51","modified_gmt":"2026-04-24T07:43:51","slug":"bico-dark-love-paaristatud-ripatsid-bp4","status":"publish","type":"product","link":"https:\/\/bico.ee\/lt\/p\/bico-dark-love-suporuoti-pakabukai-bp4\/","title":{"rendered":"Bico &#8220;Dark Love&#8221; suporuoti pakabukai (BP4)"},"content":{"rendered":"<p>Tinkama pora pakabuk\u0173 su sidabro ir juodos spalvos apmu\u0161alais parduodami kaip rinkinys, idealiai tinkantys pasidalinti tarp artim\u0173j\u0173 ar draug\u0173. <BR><UL><LI>Pavadinimas: tamsi meil\u0117 <\/LI><LI>Reik\u0161m\u0117: aistringas ir nemirtingas prisiri\u0161imas Pasl\u0117ptas atsidavimas <\/LI><LI>\u201eBico\u201c si\u016blo daugyb\u0119 grandini\u0173, odini\u0173 virveli\u0173 ir pakabuk\u0173, kad u\u017ebaigt\u0173 por\u0105 tinkam\u0173 pakabuk\u0173. Galimi apdailos variantai: \u0161ik\u0161nosparnis gali b\u016bti juodos arba sidabrin\u0117s spalvos. Pakabuko plotis: 2 cm, ilgis: 3,9 cm, kilpos skersmuo: 9 mm<\/p>","protected":false},"excerpt":{"rendered":"<p>BP4 0<\/p>\n","protected":false},"featured_media":18325,"template":"","meta":[],"product_cat":[277,281],"product_tag":[],"_links":{"self":[{"href":"https:\/\/bico.ee\/lt\/wp-json\/wp\/v2\/product\/18324"}],"collection":[{"href":"https:\/\/bico.ee\/lt\/wp-json\/wp\/v2\/product"}],"about":[{"href":"https:\/\/bico.ee\/lt\/wp-json\/wp\/v2\/types\/product"}],"wp:featuredmedia":[{"embeddable":true,"href":"https:\/\/bico.ee\/lt\/wp-json\/wp\/v2\/media\/18325"}],"wp:attachment":[{"href":"https:\/\/bico.ee\/lt\/wp-json\/wp\/v2\/media?parent=18324"}],"wp:term":[{"taxonomy":"product_cat","embeddable":true,"href":"https:\/\/bico.ee\/lt\/wp-json\/wp\/v2\/product_cat?post=18324"},{"taxonomy":"product_tag","embeddable":true,"href":"https:\/\/bico.ee\/lt\/wp-json\/wp\/v2\/product_tag?post=18324"}],"curies":[{"name":"wp","href":"https:\/\/api.w.org\/{rel}","templated":true}]}}