{"id":18328,"date":"2026-04-10T18:43:55","date_gmt":"2026-04-10T18:43:55","guid":{"rendered":""},"modified":"2026-04-10T18:43:55","modified_gmt":"2026-04-10T18:43:55","slug":"bico-sacred-shieldsi-paaritud-ristripatsid-bp6","status":"publish","type":"product","link":"https:\/\/bico.ee\/lt\/p\/bico-sacred-shields-suporuoti-kryzminiai-pakabukai-bp6\/","title":{"rendered":"Bico &#8220;Sacred Shields&#8221; suporuoti kry\u017eminiai pakabukai (BP6)"},"content":{"rendered":"<p>Tinkama pora pakabuk\u0173 su sidabro ir aukso danga parduodami kaip rinkinys, idealiai tinkantys padalyti tarp artim\u0173j\u0173 ar draug\u0173. <BR><UL><LI>Pavadinimas: \u0161ventieji skydai <\/LI><LI>Reik\u0161m\u0117: savitarpio apsauga, dvasi\u0173 sinergija <\/LI><LI>\u201eBico\u201c si\u016blo daugyb\u0119 grandini\u0173, odini\u0173 virveli\u0173 ir pakabuk\u0173, kad u\u017ebaigt\u0173 por\u0105 tinkam\u0173 pakabuk\u0173. Galimi apdailos variantai: Kry\u017eius gali b\u016bti aukso arba juodos spalvos. Pakabuko plotis: 2 cm, ilgis: 3,9 cm, kilpos skersmuo: 9 mm<\/p>","protected":false},"excerpt":{"rendered":"<p>BP6 0<\/p>\n","protected":false},"featured_media":18329,"template":"","meta":[],"product_cat":[277,281],"product_tag":[],"_links":{"self":[{"href":"https:\/\/bico.ee\/lt\/wp-json\/wp\/v2\/product\/18328"}],"collection":[{"href":"https:\/\/bico.ee\/lt\/wp-json\/wp\/v2\/product"}],"about":[{"href":"https:\/\/bico.ee\/lt\/wp-json\/wp\/v2\/types\/product"}],"wp:featuredmedia":[{"embeddable":true,"href":"https:\/\/bico.ee\/lt\/wp-json\/wp\/v2\/media\/18329"}],"wp:attachment":[{"href":"https:\/\/bico.ee\/lt\/wp-json\/wp\/v2\/media?parent=18328"}],"wp:term":[{"taxonomy":"product_cat","embeddable":true,"href":"https:\/\/bico.ee\/lt\/wp-json\/wp\/v2\/product_cat?post=18328"},{"taxonomy":"product_tag","embeddable":true,"href":"https:\/\/bico.ee\/lt\/wp-json\/wp\/v2\/product_tag?post=18328"}],"curies":[{"name":"wp","href":"https:\/\/api.w.org\/{rel}","templated":true}]}}